{"id":11052,"date":"2018-02-06T14:36:26","date_gmt":"2018-02-06T14:36:26","guid":{"rendered":"http:\/\/reco-bueromoebel.de\/?page_id=11052"},"modified":"2018-02-06T14:36:26","modified_gmt":"2018-02-06T14:36:26","slug":"cp-moebelsysteme","status":"publish","type":"page","link":"https:\/\/reco-bueromoebel.de\/nl\/fabrikanten\/cp-moebelsysteme\/","title":{"rendered":"C+P M\u00f6belsysteme"},"content":{"rendered":"<div class=\"wpb-content-wrapper\"><p>[vc_row row_type=\u201crow\u201d use_row_as_full_screen_section=\u201cno\u201d type=\u201cfull_width\u201d text_align=\u201cleft\u201d css_animation=\u201d\u201d box_shadow_on_row=\u201cno\u201d][vc_column][vc_column_text]<img loading=\"lazy\" decoding=\"async\" class=\"alignright wp-image-8662\" src=\"https:\/\/reco-bueromoebel.de\/wp-content\/uploads\/2017\/03\/cp___39850.jpg\" alt width=\"149\" height=\"113\"><\/p>\n<p>Hier een uittreksel van de productportfolio van fabrikant C+P M\u00f6belsysteme.<\/p>\n<p>Naast de hier aangeboden producten, ontvangt u meer informatie over de producten en opties rechtstreeks bij ons: Contact[\/vc_column_text][\/vc_column][\/vc_row][vc_row row_type=\u201crow\u201d use_row_as_full_screen_section=\u201cno\u201d type=\u201cfull_width\u201d text_align=\u201cleft\u201d padding_top=\u201c60\u201d padding_bottom=\u201c60\u201d css_animation=\u201d\u201d box_shadow_on_row=\u201cno\u201d][vc_column]<\/p><div class=\"latest_post_holder  boxes three_columns\"><ul class=\"post_list\"><li class=\"clearfix\"><div class=\"box_padding_border\"><div class=\"boxes_image\"><a href=\"https:\/\/reco-bueromoebel.de\/nl\/cp-moebel-8010\/\"><img loading=\"lazy\" decoding=\"async\" width=\"550\" height=\"550\" src=\"https:\/\/reco-bueromoebel.de\/wp-content\/uploads\/2017\/03\/cp_8010-204__1021111-550x550.jpg\" class=\"attachment-portfolio-square size-portfolio-square wp-post-image\" alt srcset=\"https:\/\/reco-bueromoebel.de\/wp-content\/uploads\/2017\/03\/cp_8010-204__1021111-550x550.jpg 550w, https:\/\/reco-bueromoebel.de\/wp-content\/uploads\/2017\/03\/cp_8010-204__1021111-400x400.jpg 400w, https:\/\/reco-bueromoebel.de\/wp-content\/uploads\/2017\/03\/cp_8010-204__1021111-1024x1024.jpg 1024w, https:\/\/reco-bueromoebel.de\/wp-content\/uploads\/2017\/03\/cp_8010-204__1021111-1000x1000.jpg 1000w, https:\/\/reco-bueromoebel.de\/wp-content\/uploads\/2017\/03\/cp_8010-204__1021111-700x700.jpg 700w, https:\/\/reco-bueromoebel.de\/wp-content\/uploads\/2017\/03\/cp_8010-204__1021111.jpg 1920w\" sizes=\"auto, (max-width: 550px) 100vw, 550px\"><span class=\"latest_post_overlay\"><\/span><\/a><\/div><div class=\"latest_post\"><div class=\"latest_post_text\"><div class=\"latest_post_title_holder\"><h4 class=\"latest_post_title \"><a href=\"https:\/\/reco-bueromoebel.de\/nl\/cp-moebel-8010\/\" style>C+P Garderobenschr\u00e4nke<\/a><\/h4><\/div><div class=\"post_info_section\"><\/div><\/div><\/div><\/div><\/li><li class=\"clearfix\"><div class=\"box_padding_border\"><div class=\"boxes_image\"><a href=\"https:\/\/reco-bueromoebel.de\/nl\/cp-moebel-8250-2\/\"><img loading=\"lazy\" decoding=\"async\" width=\"550\" height=\"550\" src=\"https:\/\/reco-bueromoebel.de\/wp-content\/uploads\/2017\/03\/cp_8250-40__52487-550x550.jpg\" class=\"attachment-portfolio-square size-portfolio-square wp-post-image\" alt srcset=\"https:\/\/reco-bueromoebel.de\/wp-content\/uploads\/2017\/03\/cp_8250-40__52487-550x550.jpg 550w, https:\/\/reco-bueromoebel.de\/wp-content\/uploads\/2017\/03\/cp_8250-40__52487-1000x1000.jpg 1000w\" sizes=\"auto, (max-width: 550px) 100vw, 550px\"><span class=\"latest_post_overlay\"><\/span><\/a><\/div><div class=\"latest_post\"><div class=\"latest_post_text\"><div class=\"latest_post_title_holder\"><h4 class=\"latest_post_title \"><a href=\"https:\/\/reco-bueromoebel.de\/nl\/cp-moebel-8250-2\/\" style>C+P Garderobenschr\u00e4nke mit&nbsp;Bank<\/a><\/h4><\/div><div class=\"post_info_section\"><\/div><\/div><\/div><\/div><\/li><li class=\"clearfix\"><div class=\"box_padding_border\"><div class=\"boxes_image\"><a href=\"https:\/\/reco-bueromoebel.de\/nl\/cp-moebel-8220\/\"><img loading=\"lazy\" decoding=\"async\" width=\"550\" height=\"550\" src=\"https:\/\/reco-bueromoebel.de\/wp-content\/uploads\/2017\/03\/cp_8220-20__114964-550x550.jpg\" class=\"attachment-portfolio-square size-portfolio-square wp-post-image\" alt srcset=\"https:\/\/reco-bueromoebel.de\/wp-content\/uploads\/2017\/03\/cp_8220-20__114964-550x550.jpg 550w, https:\/\/reco-bueromoebel.de\/wp-content\/uploads\/2017\/03\/cp_8220-20__114964-1000x1000.jpg 1000w\" sizes=\"auto, (max-width: 550px) 100vw, 550px\"><span class=\"latest_post_overlay\"><\/span><\/a><\/div><div class=\"latest_post\"><div class=\"latest_post_text\"><div class=\"latest_post_title_holder\"><h4 class=\"latest_post_title \"><a href=\"https:\/\/reco-bueromoebel.de\/nl\/cp-moebel-8220\/\" style>C+P Kleiderschr\u00e4nke<\/a><\/h4><\/div><div class=\"post_info_section\"><\/div><\/div><\/div><\/div><\/li><li class=\"clearfix\"><div class=\"box_padding_border\"><div class=\"boxes_image\"><a href=\"https:\/\/reco-bueromoebel.de\/nl\/cp-moebel-133413\/\"><img loading=\"lazy\" decoding=\"async\" width=\"550\" height=\"550\" src=\"https:\/\/reco-bueromoebel.de\/wp-content\/uploads\/2017\/03\/cp_133413-210__1024268-550x550.jpg\" class=\"attachment-portfolio-square size-portfolio-square wp-post-image\" alt srcset=\"https:\/\/reco-bueromoebel.de\/wp-content\/uploads\/2017\/03\/cp_133413-210__1024268-550x550.jpg 550w, https:\/\/reco-bueromoebel.de\/wp-content\/uploads\/2017\/03\/cp_133413-210__1024268-400x400.jpg 400w, https:\/\/reco-bueromoebel.de\/wp-content\/uploads\/2017\/03\/cp_133413-210__1024268-1024x1024.jpg 1024w, https:\/\/reco-bueromoebel.de\/wp-content\/uploads\/2017\/03\/cp_133413-210__1024268-1000x1000.jpg 1000w, https:\/\/reco-bueromoebel.de\/wp-content\/uploads\/2017\/03\/cp_133413-210__1024268-700x700.jpg 700w, https:\/\/reco-bueromoebel.de\/wp-content\/uploads\/2017\/03\/cp_133413-210__1024268.jpg 1920w\" sizes=\"auto, (max-width: 550px) 100vw, 550px\"><span class=\"latest_post_overlay\"><\/span><\/a><\/div><div class=\"latest_post\"><div class=\"latest_post_text\"><div class=\"latest_post_title_holder\"><h4 class=\"latest_post_title \"><a href=\"https:\/\/reco-bueromoebel.de\/nl\/cp-moebel-133413\/\" style>C+P M\u00f6bel 133413<\/a><\/h4><\/div><div class=\"post_info_section\"><\/div><\/div><\/div><\/div><\/li><li class=\"clearfix\"><div class=\"box_padding_border\"><div class=\"boxes_image\"><a href=\"https:\/\/reco-bueromoebel.de\/nl\/cp-moebel-7920\/\"><img loading=\"lazy\" decoding=\"async\" width=\"550\" height=\"550\" src=\"https:\/\/reco-bueromoebel.de\/wp-content\/uploads\/2017\/03\/cp_7920-30__45755-550x550.jpg\" class=\"attachment-portfolio-square size-portfolio-square wp-post-image\" alt srcset=\"https:\/\/reco-bueromoebel.de\/wp-content\/uploads\/2017\/03\/cp_7920-30__45755-550x550.jpg 550w, https:\/\/reco-bueromoebel.de\/wp-content\/uploads\/2017\/03\/cp_7920-30__45755-1000x1000.jpg 1000w\" sizes=\"auto, (max-width: 550px) 100vw, 550px\"><span class=\"latest_post_overlay\"><\/span><\/a><\/div><div class=\"latest_post\"><div class=\"latest_post_text\"><div class=\"latest_post_title_holder\"><h4 class=\"latest_post_title \"><a href=\"https:\/\/reco-bueromoebel.de\/nl\/cp-moebel-7920\/\" style>C+P M\u00f6bel&nbsp;7920<\/a><\/h4><\/div><div class=\"post_info_section\"><\/div><\/div><\/div><\/div><\/li><li class=\"clearfix\"><div class=\"box_padding_border\"><div class=\"boxes_image\"><a href=\"https:\/\/reco-bueromoebel.de\/nl\/cp-moebel-8798\/\"><img loading=\"lazy\" decoding=\"async\" width=\"550\" height=\"550\" src=\"https:\/\/reco-bueromoebel.de\/wp-content\/uploads\/2017\/03\/cp_8798-83__45964-550x550.jpg\" class=\"attachment-portfolio-square size-portfolio-square wp-post-image\" alt srcset=\"https:\/\/reco-bueromoebel.de\/wp-content\/uploads\/2017\/03\/cp_8798-83__45964-550x550.jpg 550w, https:\/\/reco-bueromoebel.de\/wp-content\/uploads\/2017\/03\/cp_8798-83__45964-1000x1000.jpg 1000w\" sizes=\"auto, (max-width: 550px) 100vw, 550px\"><span class=\"latest_post_overlay\"><\/span><\/a><\/div><div class=\"latest_post\"><div class=\"latest_post_text\"><div class=\"latest_post_title_holder\"><h4 class=\"latest_post_title \"><a href=\"https:\/\/reco-bueromoebel.de\/nl\/cp-moebel-8798\/\" style>C+P M\u00f6bel&nbsp;8798<\/a><\/h4><\/div><div class=\"post_info_section\"><\/div><\/div><\/div><\/div><\/li><li class=\"clearfix\"><div class=\"box_padding_border\"><div class=\"boxes_image\"><a href=\"https:\/\/reco-bueromoebel.de\/nl\/cp-moebel-8921\/\"><img loading=\"lazy\" decoding=\"async\" width=\"550\" height=\"550\" src=\"https:\/\/reco-bueromoebel.de\/wp-content\/uploads\/2017\/03\/cp_8921-503_S10024_1024528-550x550.jpg\" class=\"attachment-portfolio-square size-portfolio-square wp-post-image\" alt srcset=\"https:\/\/reco-bueromoebel.de\/wp-content\/uploads\/2017\/03\/cp_8921-503_S10024_1024528-550x550.jpg 550w, https:\/\/reco-bueromoebel.de\/wp-content\/uploads\/2017\/03\/cp_8921-503_S10024_1024528-400x400.jpg 400w, https:\/\/reco-bueromoebel.de\/wp-content\/uploads\/2017\/03\/cp_8921-503_S10024_1024528-1024x1024.jpg 1024w, https:\/\/reco-bueromoebel.de\/wp-content\/uploads\/2017\/03\/cp_8921-503_S10024_1024528-1000x1000.jpg 1000w, https:\/\/reco-bueromoebel.de\/wp-content\/uploads\/2017\/03\/cp_8921-503_S10024_1024528-700x700.jpg 700w, https:\/\/reco-bueromoebel.de\/wp-content\/uploads\/2017\/03\/cp_8921-503_S10024_1024528.jpg 1920w\" sizes=\"auto, (max-width: 550px) 100vw, 550px\"><span class=\"latest_post_overlay\"><\/span><\/a><\/div><div class=\"latest_post\"><div class=\"latest_post_text\"><div class=\"latest_post_title_holder\"><h4 class=\"latest_post_title \"><a href=\"https:\/\/reco-bueromoebel.de\/nl\/cp-moebel-8921\/\" style>C+P M\u00f6bel&nbsp;8921<\/a><\/h4><\/div><div class=\"post_info_section\"><\/div><\/div><\/div><\/div><\/li><\/ul><\/div>[vc_column_text el_class=\u201cbildquelle\u201d]Foto\u2019s:&nbsp;C+P M\u00f6belsysteme<br>\n<a href=\"https:\/\/www.cp.de\/\" target=\"_blank\" rel=\"noopener\">https:\/\/www.cp.de\/<\/a>[\/vc_column_text][\/vc_column][\/vc_row]\n<\/div>","protected":false},"excerpt":{"rendered":"<p>[vc_row row_type=\u201crow\u201d use_row_as_full_screen_section=\u201cno\u201d type=\u201cfull_width\u201d text_align=\u201cleft\u201d css_animation=\u201d\u201d box_shadow_on_row=\u201cno\u201d][vc_column][vc_column_text] Hier een uittreksel van de productportfolio van fabrikant C+P M\u00f6belsysteme. Naast de hier aangeboden producten, ontvangt u meer informatie over de producten en opties rechtstreeks bij ons: Contact[\/vc_column_text][\/vc_column][\/vc_row][vc_row row_type=\u201crow\u201d use_row_as_full_screen_section=\u201cno\u201d type=\u201cfull_width\u201d text_align=\u201cleft\u201d padding_top=\u201c60\u201d padding_bottom=\u201c60\u201d css_animation=\u201d\u201d box_shadow_on_row=\u201cno\u201d][vc_column][vc_column_text el_class=\u201cbildquelle\u201d]Foto\u2019s:&nbsp;C+P M\u00f6belsysteme\u2026<\/p>\n","protected":false},"author":4,"featured_media":0,"parent":8963,"menu_order":0,"comment_status":"closed","ping_status":"closed","template":"","meta":{"wp_typography_post_enhancements_disabled":false,"footnotes":""},"class_list":["post-11052","page","type-page","status-publish","hentry"],"yoast_head":"<!-- This site is optimized with the Yoast SEO plugin v27.4 - https:\/\/yoast.com\/product\/yoast-seo-wordpress\/ -->\n<title>C+P M\u00f6belsysteme - Reco B\u00fcrom\u00f6bel<\/title>\n<meta name=\"robots\" content=\"index, follow, max-snippet:-1, max-image-preview:large, max-video-preview:-1\" \/>\n<link rel=\"canonical\" href=\"https:\/\/reco-bueromoebel.de\/nl\/fabrikanten\/cp-moebelsysteme\/\" \/>\n<meta property=\"og:locale\" content=\"nl_NL\" \/>\n<meta property=\"og:type\" content=\"article\" \/>\n<meta property=\"og:title\" content=\"C+P M\u00f6belsysteme - Reco B\u00fcrom\u00f6bel\" \/>\n<meta property=\"og:description\" content=\"[vc_row row_type=\u201crow\u201d use_row_as_full_screen_section=\u201cno\u201d type=\u201cfull_width\u201d text_align=\u201cleft\u201d css_animation=\u201d\u201d box_shadow_on_row=\u201cno\u201d][vc_column][vc_column_text] Hier een uittreksel van de productportfolio van fabrikant C+P M\u00f6belsysteme. Naast de hier aangeboden producten, ontvangt u meer informatie over de producten en opties rechtstreeks bij ons: Contact[\/vc_column_text][\/vc_column][\/vc_row][vc_row row_type=\u201crow\u201d use_row_as_full_screen_section=\u201cno\u201d type=\u201cfull_width\u201d text_align=\u201cleft\u201d padding_top=\u201c60\u201d padding_bottom=\u201c60\u201d css_animation=\u201d\u201d box_shadow_on_row=\u201cno\u201d][vc_column][vc_column_text el_class=\u201cbildquelle\u201d]Foto\u2019s:&nbsp;C+P M\u00f6belsysteme...\" \/>\n<meta property=\"og:url\" content=\"https:\/\/reco-bueromoebel.de\/nl\/fabrikanten\/cp-moebelsysteme\/\" \/>\n<meta property=\"og:site_name\" content=\"Reco B\u00fcrom\u00f6bel\" \/>\n<meta property=\"og:image\" content=\"https:\/\/duitse-kantoormeubelen.nl\/wp-content\/uploads\/2017\/03\/cp___39850.jpg\" \/>\n<meta name=\"twitter:card\" content=\"summary_large_image\" \/>\n<meta name=\"twitter:label1\" content=\"Geschatte leestijd\" \/>\n\t<meta name=\"twitter:data1\" content=\"1 minuut\" \/>\n<script type=\"application\/ld+json\" class=\"yoast-schema-graph\">{\"@context\":\"https:\\\/\\\/schema.org\",\"@graph\":[{\"@type\":\"WebPage\",\"@id\":\"https:\\\/\\\/reco-bueromoebel.de\\\/nl\\\/fabrikanten\\\/cp-moebelsysteme\\\/\",\"url\":\"https:\\\/\\\/reco-bueromoebel.de\\\/nl\\\/fabrikanten\\\/cp-moebelsysteme\\\/\",\"name\":\"C+P M\u00f6belsysteme - Reco B\u00fcrom\u00f6bel\",\"isPartOf\":{\"@id\":\"https:\\\/\\\/reco-bueromoebel.de\\\/#website\"},\"primaryImageOfPage\":{\"@id\":\"https:\\\/\\\/reco-bueromoebel.de\\\/nl\\\/fabrikanten\\\/cp-moebelsysteme\\\/#primaryimage\"},\"image\":{\"@id\":\"https:\\\/\\\/reco-bueromoebel.de\\\/nl\\\/fabrikanten\\\/cp-moebelsysteme\\\/#primaryimage\"},\"thumbnailUrl\":\"https:\\\/\\\/reco-bueromoebel.de\\\/wp-content\\\/uploads\\\/2017\\\/03\\\/cp___39850.jpg\",\"datePublished\":\"2018-02-06T14:36:26+00:00\",\"breadcrumb\":{\"@id\":\"https:\\\/\\\/reco-bueromoebel.de\\\/nl\\\/fabrikanten\\\/cp-moebelsysteme\\\/#breadcrumb\"},\"inLanguage\":\"nl-NL\",\"potentialAction\":[{\"@type\":\"ReadAction\",\"target\":[\"https:\\\/\\\/reco-bueromoebel.de\\\/nl\\\/fabrikanten\\\/cp-moebelsysteme\\\/\"]}]},{\"@type\":\"ImageObject\",\"inLanguage\":\"nl-NL\",\"@id\":\"https:\\\/\\\/reco-bueromoebel.de\\\/nl\\\/fabrikanten\\\/cp-moebelsysteme\\\/#primaryimage\",\"url\":\"https:\\\/\\\/reco-bueromoebel.de\\\/wp-content\\\/uploads\\\/2017\\\/03\\\/cp___39850.jpg\",\"contentUrl\":\"https:\\\/\\\/reco-bueromoebel.de\\\/wp-content\\\/uploads\\\/2017\\\/03\\\/cp___39850.jpg\"},{\"@type\":\"BreadcrumbList\",\"@id\":\"https:\\\/\\\/reco-bueromoebel.de\\\/nl\\\/fabrikanten\\\/cp-moebelsysteme\\\/#breadcrumb\",\"itemListElement\":[{\"@type\":\"ListItem\",\"position\":1,\"name\":\"Home\",\"item\":\"https:\\\/\\\/reco-bueromoebel.de\\\/nl\\\/\"},{\"@type\":\"ListItem\",\"position\":2,\"name\":\"Fabrikanten\",\"item\":\"https:\\\/\\\/reco-bueromoebel.de\\\/nl\\\/fabrikanten\\\/\"},{\"@type\":\"ListItem\",\"position\":3,\"name\":\"C+P M\u00f6belsysteme\"}]},{\"@type\":\"WebSite\",\"@id\":\"https:\\\/\\\/reco-bueromoebel.de\\\/#website\",\"url\":\"https:\\\/\\\/reco-bueromoebel.de\\\/\",\"name\":\"Reco B\u00fcrom\u00f6bel\",\"description\":\"\",\"potentialAction\":[{\"@type\":\"SearchAction\",\"target\":{\"@type\":\"EntryPoint\",\"urlTemplate\":\"https:\\\/\\\/reco-bueromoebel.de\\\/?s={search_term_string}\"},\"query-input\":{\"@type\":\"PropertyValueSpecification\",\"valueRequired\":true,\"valueName\":\"search_term_string\"}}],\"inLanguage\":\"nl-NL\"}]}<\/script>\n<!-- \/ Yoast SEO plugin. -->","yoast_head_json":{"title":"C+P M\u00f6belsysteme - Reco B\u00fcrom\u00f6bel","robots":{"index":"index","follow":"follow","max-snippet":"max-snippet:-1","max-image-preview":"max-image-preview:large","max-video-preview":"max-video-preview:-1"},"canonical":"https:\/\/reco-bueromoebel.de\/nl\/fabrikanten\/cp-moebelsysteme\/","og_locale":"nl_NL","og_type":"article","og_title":"C+P M\u00f6belsysteme - Reco B\u00fcrom\u00f6bel","og_description":"[vc_row row_type=\u201crow\u201d use_row_as_full_screen_section=\u201cno\u201d type=\u201cfull_width\u201d text_align=\u201cleft\u201d css_animation=\u201d\u201d box_shadow_on_row=\u201cno\u201d][vc_column][vc_column_text] Hier een uittreksel van de productportfolio van fabrikant C+P M\u00f6belsysteme. Naast de hier aangeboden producten, ontvangt u meer informatie over de producten en opties rechtstreeks bij ons: Contact[\/vc_column_text][\/vc_column][\/vc_row][vc_row row_type=\u201crow\u201d use_row_as_full_screen_section=\u201cno\u201d type=\u201cfull_width\u201d text_align=\u201cleft\u201d padding_top=\u201c60\u201d padding_bottom=\u201c60\u201d css_animation=\u201d\u201d box_shadow_on_row=\u201cno\u201d][vc_column][vc_column_text el_class=\u201cbildquelle\u201d]Foto\u2019s:&nbsp;C+P M\u00f6belsysteme...","og_url":"https:\/\/reco-bueromoebel.de\/nl\/fabrikanten\/cp-moebelsysteme\/","og_site_name":"Reco B\u00fcrom\u00f6bel","og_image":[{"url":"https:\/\/duitse-kantoormeubelen.nl\/wp-content\/uploads\/2017\/03\/cp___39850.jpg","type":"","width":"","height":""}],"twitter_card":"summary_large_image","twitter_misc":{"Geschatte leestijd":"1 minuut"},"schema":{"@context":"https:\/\/schema.org","@graph":[{"@type":"WebPage","@id":"https:\/\/reco-bueromoebel.de\/nl\/fabrikanten\/cp-moebelsysteme\/","url":"https:\/\/reco-bueromoebel.de\/nl\/fabrikanten\/cp-moebelsysteme\/","name":"C+P M\u00f6belsysteme - Reco B\u00fcrom\u00f6bel","isPartOf":{"@id":"https:\/\/reco-bueromoebel.de\/#website"},"primaryImageOfPage":{"@id":"https:\/\/reco-bueromoebel.de\/nl\/fabrikanten\/cp-moebelsysteme\/#primaryimage"},"image":{"@id":"https:\/\/reco-bueromoebel.de\/nl\/fabrikanten\/cp-moebelsysteme\/#primaryimage"},"thumbnailUrl":"https:\/\/reco-bueromoebel.de\/wp-content\/uploads\/2017\/03\/cp___39850.jpg","datePublished":"2018-02-06T14:36:26+00:00","breadcrumb":{"@id":"https:\/\/reco-bueromoebel.de\/nl\/fabrikanten\/cp-moebelsysteme\/#breadcrumb"},"inLanguage":"nl-NL","potentialAction":[{"@type":"ReadAction","target":["https:\/\/reco-bueromoebel.de\/nl\/fabrikanten\/cp-moebelsysteme\/"]}]},{"@type":"ImageObject","inLanguage":"nl-NL","@id":"https:\/\/reco-bueromoebel.de\/nl\/fabrikanten\/cp-moebelsysteme\/#primaryimage","url":"https:\/\/reco-bueromoebel.de\/wp-content\/uploads\/2017\/03\/cp___39850.jpg","contentUrl":"https:\/\/reco-bueromoebel.de\/wp-content\/uploads\/2017\/03\/cp___39850.jpg"},{"@type":"BreadcrumbList","@id":"https:\/\/reco-bueromoebel.de\/nl\/fabrikanten\/cp-moebelsysteme\/#breadcrumb","itemListElement":[{"@type":"ListItem","position":1,"name":"Home","item":"https:\/\/reco-bueromoebel.de\/nl\/"},{"@type":"ListItem","position":2,"name":"Fabrikanten","item":"https:\/\/reco-bueromoebel.de\/nl\/fabrikanten\/"},{"@type":"ListItem","position":3,"name":"C+P M\u00f6belsysteme"}]},{"@type":"WebSite","@id":"https:\/\/reco-bueromoebel.de\/#website","url":"https:\/\/reco-bueromoebel.de\/","name":"Reco B\u00fcrom\u00f6bel","description":"","potentialAction":[{"@type":"SearchAction","target":{"@type":"EntryPoint","urlTemplate":"https:\/\/reco-bueromoebel.de\/?s={search_term_string}"},"query-input":{"@type":"PropertyValueSpecification","valueRequired":true,"valueName":"search_term_string"}}],"inLanguage":"nl-NL"}]}},"_links":{"self":[{"href":"https:\/\/reco-bueromoebel.de\/nl\/wp-json\/wp\/v2\/pages\/11052\/"}],"collection":[{"href":"https:\/\/reco-bueromoebel.de\/nl\/wp-json\/wp\/v2\/pages\/"}],"about":[{"href":"https:\/\/reco-bueromoebel.de\/nl\/wp-json\/wp\/v2\/types\/page\/"}],"author":[{"embeddable":true,"href":"https:\/\/reco-bueromoebel.de\/nl\/wp-json\/wp\/v2\/users\/4\/"}],"replies":[{"embeddable":true,"href":"https:\/\/reco-bueromoebel.de\/nl\/wp-json\/wp\/v2\/comments\/?post=11052"}],"version-history":[{"count":1,"href":"https:\/\/reco-bueromoebel.de\/nl\/wp-json\/wp\/v2\/pages\/11052\/revisions\/"}],"predecessor-version":[{"id":11053,"href":"https:\/\/reco-bueromoebel.de\/nl\/wp-json\/wp\/v2\/pages\/11052\/revisions\/11053\/"}],"up":[{"embeddable":true,"href":"https:\/\/reco-bueromoebel.de\/nl\/wp-json\/wp\/v2\/pages\/8963\/"}],"wp:attachment":[{"href":"https:\/\/reco-bueromoebel.de\/nl\/wp-json\/wp\/v2\/media\/?parent=11052"}],"curies":[{"name":"wp","href":"https:\/\/api.w.org\/{rel}","templated":true}]}}