{"id":11071,"date":"2018-02-07T10:31:22","date_gmt":"2018-02-07T10:31:22","guid":{"rendered":"http:\/\/reco-bueromoebel.de\/?page_id=11071"},"modified":"2018-02-07T10:38:57","modified_gmt":"2018-02-07T10:38:57","slug":"privacyverklaring","status":"publish","type":"page","link":"https:\/\/reco-bueromoebel.de\/nl\/privacyverklaring\/","title":{"rendered":"Privacyverklaring"},"content":{"rendered":"<div class=\"wpb-content-wrapper\"><p>[vc_row row_type=\u201crow\u201d use_row_as_full_screen_section=\u201cno\u201d type=\u201cfull_width\u201d text_align=\u201cleft\u201d padding_bottom=\u201c60\u201d css_animation=\u201d\u201d box_shadow_on_row=\u201cno\u201d][vc_column][vc_column_text]Reco B\u00fcrom\u00f6bel H GmbH Reco B\u00fcrom\u00f6bel H GmbH, gevestigd aan<\/p>\n<p>Reco B\u00fcrom\u00f6bel H&nbsp;GmbH<br>\nGro\u00dfe Riet&nbsp;4<br>\n41844 Wegberg,<\/p>\n<p>is verantwoordelijk voor de verwerking van persoonsgegevens zoals weergegeven in deze privacyverklaring.<\/p>\n<h4>Contactgegevens:<\/h4>\n<p>duitse-kantoormeubelen.nl<br>\nReco B\u00fcrom\u00f6bel H&nbsp;GmbH<br>\nGro\u00dfe Riet&nbsp;4<br>\n41844 Wegberg 492434 98050<\/p>\n<p>Thomas Renders is de Functionaris Gegevensbescherming van Reco B\u00fcrom\u00f6bel H GmbH Hij\/zij is te bereiken via renders@reco-bueromoebel.de<\/p>\n<h4>Persoonsgegevens die wij verwerken<\/h4>\n<p>Reco B\u00fcrom\u00f6bel H GmbH verwerkt uw persoonsgegevens doordat u gebruik maakt van onze diensten en\/of omdat u deze zelf aan ons verstrekt.<\/p>\n<p>Hieronder vindt u een overzicht van de persoonsgegevens die wij verwerken:<br>\n\u2014 Voor- en achternaam<br>\n\u2014 E\u2011mailadres<br>\n\u2014 IP-adres<br>\n\u2014 Locatiegegevens<br>\n\u2014 Gegevens over uw activiteiten op onze website<br>\n\u2014 Internetbrowser en apparaat type<\/p>\n<h4>Bijzondere en\/of gevoelige persoonsgegevens die wij verwerken<\/h4>\n<p>Onze website en\/of dienst heeft niet de intentie gegevens te verzamelen over websitebezoekers die jonger zijn dan 16 jaar. Tenzij ze toestemming hebben van ouders of voogd. We kunnen echter niet controleren of een bezoeker ouder dan 16 is. Wij raden ouders dan ook aan betrokken te zijn bij de online activiteiten van hun kinderen, om zo te voorkomen dat er gegevens over kinderen verzameld worden zonder ouderlijke toestemming. Als u er van overtuigd bent dat wij zonder die toestemming persoonlijke gegevens hebben verzameld over een minderjarige, neem dan contact met ons op via info@Reco-Bueromoebel.de, dan verwijderen wij deze informatie.<\/p>\n<h4>Met welk doel en op basis van welke grondslag wij persoonsgegevens verwerken<\/h4>\n<p>Reco B\u00fcrom\u00f6bel H GmbH verwerkt uw persoonsgegevens voor de volgende doelen:<br>\n\u2014 Verzenden van onze nieuwsbrief en\/of reclamefolder<br>\n\u2014 Reco B\u00fcrom\u00f6bel H GmbH analyseert uw gedrag op de website om daarmee de website te verbeteren en het aanbod van producten en diensten af te stemmen op uw voorkeuren.<\/p>\n<h4>Geautomatiseerde besluitvorming<\/h4>\n<p>Reco B\u00fcrom\u00f6bel H GmbH neemt niet op basis van geautomatiseerde verwerkingen besluiten over zaken die (aanzienlijke) gevolgen kunnen hebben voor personen. Het gaat hier om besluiten die worden genomen door computerprogramma\u2019s of \u2011systemen, zonder dat daar een mens (bijvoorbeeld een medewerker van Reco B\u00fcrom\u00f6bel H GmbH) tussen zit. Reco B\u00fcrom\u00f6bel H GmbH gebruikt de volgende computerprogramma\u2019s of \u2011systemen:<\/p>\n<p>\/<\/p>\n<h4>Hoe lang we persoonsgegevens bewaren<\/h4>\n<p>Reco B\u00fcrom\u00f6bel H GmbH bewaart uw persoonsgegevens niet langer dan strikt nodig is om de doelen te realiseren waarvoor uw gegevens worden verzameld. Wij hanteren de volgende bewaartermijnen voor de persoonsgegevens: 10&nbsp;jaar.<\/p>\n<h4>Delen van persoonsgegevens met derden<\/h4>\n<p>Reco B\u00fcrom\u00f6bel H GmbH verstrekt uitsluitend aan derden en alleen als dit nodig is voor de uitvoering van onze overeenkomst met u of om te voldoen aan een wettelijke verplichting.<\/p>\n<h4>Cookies, of vergelijkbare technieken, die wij gebruiken<\/h4>\n<p>Reco B\u00fcrom\u00f6bel H GmbH gebruikt functionele, analytische en tracking cookies. Een cookie is een klein tekstbestand dat bij het eerste bezoek aan deze website wordt opgeslagen in de browser van uw computer, tablet of smartphone. Reco B\u00fcrom\u00f6bel H GmbH gebruikt cookies met een puur technische functionaliteit. Deze zorgen ervoor dat de website naar behoren werkt en dat bijvoorbeeld uw voorkeursinstellingen onthouden worden. Deze cookies worden ook gebruikt om de website goed te laten werken en deze te kunnen optimaliseren. Daarnaast plaatsen we cookies die uw surfgedrag bijhouden zodat we op maat gemaakte content en advertenties kunnen aanbieden.<\/p>\n<p>Bij uw eerste bezoek aan onze website hebben wij u al ge\u00efnformeerd over deze cookies en toestemming gevraagd voor het plaatsen ervan.<\/p>\n<p>U kunt zich afmelden voor cookies door uw internetbrowser zo in te stellen dat deze geen cookies meer opslaat. Daarnaast kunt u ook alle informatie die eerder is opgeslagen via de instellingen van uw browser verwijderen.<\/p>\n<p>Zie voor een toelichting: https:\/\/veiliginternetten.nl\/themes\/situatie\/cookies-wat-zijn-het-en-wat-doe-ik-ermee\/<\/p>\n<h4>Gegevens inzien, aanpassen of verwijderen<\/h4>\n<p>U heeft het recht om uw persoonsgegevens in te zien, te corrigeren of te verwijderen. Daarnaast heeft u het recht om uw eventuele toestemming voor de gegevensverwerking in te trekken of bezwaar te maken tegen de verwerking van uw persoonsgegevens door Reco B\u00fcrom\u00f6bel H GmbH en heeft u het recht op gegevensoverdraagbaarheid. Dat betekent dat u bij ons een verzoek kunt indienen om de persoonsgegevens die wij van u beschikken in een computerbestand naar u of een ander, door u genoemde organisatie, te sturen.<\/p>\n<p>U kunt een verzoek tot inzage, correctie, verwijdering, gegevensoverdraging van uw persoonsgegevens of verzoek tot intrekking van uw toestemming of bezwaar op de verwerking van uw persoonsgegevens sturen naar info@Reco-Bueromoebel.de.<\/p>\n<p>Om er zeker van te zijn dat het verzoek tot inzage door u is gedaan, vragen wij u een kopie van uw identiteitsbewijs met het verzoek mee te sturen. Maak in deze kopie uw pasfoto, <span class=\"caps\">MRZ<\/span> (machine readable zone, de strook met nummers onderaan het paspoort), paspoortnummer en Burgerservicenummer (<span class=\"caps\">BSN<\/span>) zwart. Dit ter bescherming van uw privacy. We reageren zo snel mogelijk, maar binnen vier weken, op uw verzoek.<\/p>\n<p>Reco B\u00fcrom\u00f6bel H GmbH wil u er tevens op wijzen dat u de mogelijkheid heeft om een klacht in te dienen bij de nationale toezichthouder, de Autoriteit Persoonsgegevens. Dat kan via de volgende link: https:\/\/autoriteitpersoonsgegevens.nl\/nl\/contact-met-de-autoriteit-persoonsgegevens\/tip-ons<\/p>\n<h4>Hoe wij persoonsgegevens beveiligen<\/h4>\n<p>Reco B\u00fcrom\u00f6bel H GmbH neemt de bescherming van uw gegevens serieus en neemt passende maatregelen om misbruik, verlies, onbevoegde toegang, ongewenste openbaarmaking en ongeoorloofde wijziging tegen te gaan. Als u de indruk heeft dat uw gegevens niet goed beveiligd zijn of er aanwijzingen zijn van misbruik, neem dan contact op met onze klantenservice of via info@Reco-Bueromoebel.de[\/vc_column_text][\/vc_column][\/vc_row]<\/p>\n<\/div>","protected":false},"excerpt":{"rendered":"<p>[vc_row row_type=\u201crow\u201d use_row_as_full_screen_section=\u201cno\u201d type=\u201cfull_width\u201d text_align=\u201cleft\u201d padding_bottom=\u201c60\u201d css_animation=\u201d\u201d box_shadow_on_row=\u201cno\u201d][vc_column][vc_column_text]Reco B\u00fcrom\u00f6bel H GmbH Reco B\u00fcrom\u00f6bel H GmbH, gevestigd aan Reco B\u00fcrom\u00f6bel H&nbsp;GmbH Gro\u00dfe Riet&nbsp;4 41844 Wegberg, is verantwoordelijk voor de verwerking van persoonsgegevens zoals weergegeven in deze privacyverklaring. Contactgegevens: duitse-kantoormeubelen.nl Reco B\u00fcrom\u00f6bel H&nbsp;GmbH Gro\u00dfe Riet&nbsp;4 41844 Wegberg\u2026<\/p>\n","protected":false},"author":4,"featured_media":0,"parent":0,"menu_order":0,"comment_status":"closed","ping_status":"closed","template":"","meta":{"wp_typography_post_enhancements_disabled":false,"footnotes":""},"class_list":["post-11071","page","type-page","status-publish","hentry"],"yoast_head":"<!-- This site is optimized with the Yoast SEO plugin v27.4 - https:\/\/yoast.com\/product\/yoast-seo-wordpress\/ -->\n<title>Privacyverklaring - Reco B\u00fcrom\u00f6bel<\/title>\n<meta name=\"robots\" content=\"index, follow, max-snippet:-1, max-image-preview:large, max-video-preview:-1\" \/>\n<link rel=\"canonical\" href=\"https:\/\/reco-bueromoebel.de\/nl\/privacyverklaring\/\" \/>\n<meta property=\"og:locale\" content=\"nl_NL\" \/>\n<meta property=\"og:type\" content=\"article\" \/>\n<meta property=\"og:title\" content=\"Privacyverklaring - Reco B\u00fcrom\u00f6bel\" \/>\n<meta property=\"og:description\" content=\"[vc_row row_type=\u201crow\u201d use_row_as_full_screen_section=\u201cno\u201d type=\u201cfull_width\u201d text_align=\u201cleft\u201d padding_bottom=\u201c60\u201d css_animation=\u201d\u201d box_shadow_on_row=\u201cno\u201d][vc_column][vc_column_text]Reco B\u00fcrom\u00f6bel H GmbH Reco B\u00fcrom\u00f6bel H GmbH, gevestigd aan Reco B\u00fcrom\u00f6bel H&nbsp;GmbH Gro\u00dfe Riet&nbsp;4 41844 Wegberg, is verantwoordelijk voor de verwerking van persoonsgegevens zoals weergegeven in deze privacyverklaring. Contactgegevens: duitse-kantoormeubelen.nl Reco B\u00fcrom\u00f6bel H&nbsp;GmbH Gro\u00dfe Riet&nbsp;4 41844 Wegberg...\" \/>\n<meta property=\"og:url\" content=\"https:\/\/reco-bueromoebel.de\/nl\/privacyverklaring\/\" \/>\n<meta property=\"og:site_name\" content=\"Reco B\u00fcrom\u00f6bel\" \/>\n<meta property=\"article:modified_time\" content=\"2018-02-07T10:38:57+00:00\" \/>\n<meta name=\"twitter:card\" content=\"summary_large_image\" \/>\n<meta name=\"twitter:label1\" content=\"Geschatte leestijd\" \/>\n\t<meta name=\"twitter:data1\" content=\"5 minuten\" \/>\n<script type=\"application\/ld+json\" class=\"yoast-schema-graph\">{\"@context\":\"https:\\\/\\\/schema.org\",\"@graph\":[{\"@type\":\"WebPage\",\"@id\":\"https:\\\/\\\/reco-bueromoebel.de\\\/nl\\\/privacyverklaring\\\/\",\"url\":\"https:\\\/\\\/reco-bueromoebel.de\\\/nl\\\/privacyverklaring\\\/\",\"name\":\"Privacyverklaring - Reco B\u00fcrom\u00f6bel\",\"isPartOf\":{\"@id\":\"https:\\\/\\\/reco-bueromoebel.de\\\/#website\"},\"datePublished\":\"2018-02-07T10:31:22+00:00\",\"dateModified\":\"2018-02-07T10:38:57+00:00\",\"breadcrumb\":{\"@id\":\"https:\\\/\\\/reco-bueromoebel.de\\\/nl\\\/privacyverklaring\\\/#breadcrumb\"},\"inLanguage\":\"nl-NL\",\"potentialAction\":[{\"@type\":\"ReadAction\",\"target\":[\"https:\\\/\\\/reco-bueromoebel.de\\\/nl\\\/privacyverklaring\\\/\"]}]},{\"@type\":\"BreadcrumbList\",\"@id\":\"https:\\\/\\\/reco-bueromoebel.de\\\/nl\\\/privacyverklaring\\\/#breadcrumb\",\"itemListElement\":[{\"@type\":\"ListItem\",\"position\":1,\"name\":\"Home\",\"item\":\"https:\\\/\\\/reco-bueromoebel.de\\\/nl\\\/\"},{\"@type\":\"ListItem\",\"position\":2,\"name\":\"Privacyverklaring\"}]},{\"@type\":\"WebSite\",\"@id\":\"https:\\\/\\\/reco-bueromoebel.de\\\/#website\",\"url\":\"https:\\\/\\\/reco-bueromoebel.de\\\/\",\"name\":\"Reco B\u00fcrom\u00f6bel\",\"description\":\"\",\"potentialAction\":[{\"@type\":\"SearchAction\",\"target\":{\"@type\":\"EntryPoint\",\"urlTemplate\":\"https:\\\/\\\/reco-bueromoebel.de\\\/?s={search_term_string}\"},\"query-input\":{\"@type\":\"PropertyValueSpecification\",\"valueRequired\":true,\"valueName\":\"search_term_string\"}}],\"inLanguage\":\"nl-NL\"}]}<\/script>\n<!-- \/ Yoast SEO plugin. -->","yoast_head_json":{"title":"Privacyverklaring - Reco B\u00fcrom\u00f6bel","robots":{"index":"index","follow":"follow","max-snippet":"max-snippet:-1","max-image-preview":"max-image-preview:large","max-video-preview":"max-video-preview:-1"},"canonical":"https:\/\/reco-bueromoebel.de\/nl\/privacyverklaring\/","og_locale":"nl_NL","og_type":"article","og_title":"Privacyverklaring - Reco B\u00fcrom\u00f6bel","og_description":"[vc_row row_type=\u201crow\u201d use_row_as_full_screen_section=\u201cno\u201d type=\u201cfull_width\u201d text_align=\u201cleft\u201d padding_bottom=\u201c60\u201d css_animation=\u201d\u201d box_shadow_on_row=\u201cno\u201d][vc_column][vc_column_text]Reco B\u00fcrom\u00f6bel H GmbH Reco B\u00fcrom\u00f6bel H GmbH, gevestigd aan Reco B\u00fcrom\u00f6bel H&nbsp;GmbH Gro\u00dfe Riet&nbsp;4 41844 Wegberg, is verantwoordelijk voor de verwerking van persoonsgegevens zoals weergegeven in deze privacyverklaring. Contactgegevens: duitse-kantoormeubelen.nl Reco B\u00fcrom\u00f6bel H&nbsp;GmbH Gro\u00dfe Riet&nbsp;4 41844 Wegberg...","og_url":"https:\/\/reco-bueromoebel.de\/nl\/privacyverklaring\/","og_site_name":"Reco B\u00fcrom\u00f6bel","article_modified_time":"2018-02-07T10:38:57+00:00","twitter_card":"summary_large_image","twitter_misc":{"Geschatte leestijd":"5 minuten"},"schema":{"@context":"https:\/\/schema.org","@graph":[{"@type":"WebPage","@id":"https:\/\/reco-bueromoebel.de\/nl\/privacyverklaring\/","url":"https:\/\/reco-bueromoebel.de\/nl\/privacyverklaring\/","name":"Privacyverklaring - Reco B\u00fcrom\u00f6bel","isPartOf":{"@id":"https:\/\/reco-bueromoebel.de\/#website"},"datePublished":"2018-02-07T10:31:22+00:00","dateModified":"2018-02-07T10:38:57+00:00","breadcrumb":{"@id":"https:\/\/reco-bueromoebel.de\/nl\/privacyverklaring\/#breadcrumb"},"inLanguage":"nl-NL","potentialAction":[{"@type":"ReadAction","target":["https:\/\/reco-bueromoebel.de\/nl\/privacyverklaring\/"]}]},{"@type":"BreadcrumbList","@id":"https:\/\/reco-bueromoebel.de\/nl\/privacyverklaring\/#breadcrumb","itemListElement":[{"@type":"ListItem","position":1,"name":"Home","item":"https:\/\/reco-bueromoebel.de\/nl\/"},{"@type":"ListItem","position":2,"name":"Privacyverklaring"}]},{"@type":"WebSite","@id":"https:\/\/reco-bueromoebel.de\/#website","url":"https:\/\/reco-bueromoebel.de\/","name":"Reco B\u00fcrom\u00f6bel","description":"","potentialAction":[{"@type":"SearchAction","target":{"@type":"EntryPoint","urlTemplate":"https:\/\/reco-bueromoebel.de\/?s={search_term_string}"},"query-input":{"@type":"PropertyValueSpecification","valueRequired":true,"valueName":"search_term_string"}}],"inLanguage":"nl-NL"}]}},"_links":{"self":[{"href":"https:\/\/reco-bueromoebel.de\/nl\/wp-json\/wp\/v2\/pages\/11071\/"}],"collection":[{"href":"https:\/\/reco-bueromoebel.de\/nl\/wp-json\/wp\/v2\/pages\/"}],"about":[{"href":"https:\/\/reco-bueromoebel.de\/nl\/wp-json\/wp\/v2\/types\/page\/"}],"author":[{"embeddable":true,"href":"https:\/\/reco-bueromoebel.de\/nl\/wp-json\/wp\/v2\/users\/4\/"}],"replies":[{"embeddable":true,"href":"https:\/\/reco-bueromoebel.de\/nl\/wp-json\/wp\/v2\/comments\/?post=11071"}],"version-history":[{"count":3,"href":"https:\/\/reco-bueromoebel.de\/nl\/wp-json\/wp\/v2\/pages\/11071\/revisions\/"}],"predecessor-version":[{"id":11075,"href":"https:\/\/reco-bueromoebel.de\/nl\/wp-json\/wp\/v2\/pages\/11071\/revisions\/11075\/"}],"wp:attachment":[{"href":"https:\/\/reco-bueromoebel.de\/nl\/wp-json\/wp\/v2\/media\/?parent=11071"}],"curies":[{"name":"wp","href":"https:\/\/api.w.org\/{rel}","templated":true}]}}