{"id":8957,"date":"2018-02-06T13:31:25","date_gmt":"2018-02-06T13:31:25","guid":{"rendered":"http:\/\/reco-bueromoebel.de\/?page_id=8957"},"modified":"2018-02-06T13:31:25","modified_gmt":"2018-02-06T13:31:25","slug":"bedrijfsgeschiedenis","status":"publish","type":"page","link":"https:\/\/reco-bueromoebel.de\/nl\/bedrijfsgeschiedenis\/","title":{"rendered":"Bedrijfsgeschiedenis"},"content":{"rendered":"<div class=\"wpb-content-wrapper\"><p>[vc_row row_type=\u201crow\u201d use_row_as_full_screen_section=\u201cno\u201d type=\u201cfull_width\u201d text_align=\u201cleft\u201d padding_bottom=\u201c60\u201d css_animation=\u201d\u201d box_shadow_on_row=\u201cno\u201d][vc_column][vc_column_text]<\/p>\n<h4><img loading=\"lazy\" decoding=\"async\" class=\"wp-image-6988 size-medium alignright\" src=\"https:\/\/reco-bueromoebel.de\/wp-content\/uploads\/2015\/03\/IMG_0002-400x177.jpg\" width=\"400\" height=\"177\" srcset=\"https:\/\/reco-bueromoebel.de\/wp-content\/uploads\/2015\/03\/IMG_0002-400x177.jpg 400w, https:\/\/reco-bueromoebel.de\/wp-content\/uploads\/2015\/03\/IMG_0002-1024x453.jpg 1024w, https:\/\/reco-bueromoebel.de\/wp-content\/uploads\/2015\/03\/IMG_0002-700x310.jpg 700w, https:\/\/reco-bueromoebel.de\/wp-content\/uploads\/2015\/03\/IMG_0002.jpg 1920w\" sizes=\"auto, (max-width: 400px) 100vw, 400px\">Traditie en Evolutie<\/h4>\n<p>Al meer dan 40 jaar verkoopt Reco B\u00fcrom\u00f6bel kantoormeubilair met succes in Wegberg bij M\u00f6nchengladbach. In 2014 vervoegde Thomas Renders het familiebedrijf in de derde generatie. Reco ontwikkelde zich vanuit een kleine winkel in Klinkum tot een competente detailhandelaar in kantoormeubilair en kantoorapparatuur in de directe omgeving van Roermond, M\u00f6nchengladbach, Viersen en Erkelenz.<\/p>\n<p>Het assortiment omvat bureaus, bureaustoelen, kantoorkasten, kasten en kluizen \u2014 alles wat u nodig hebt om uw kantoor individueel en functioneel in te richten.<\/p>\n<h4><img loading=\"lazy\" decoding=\"async\" class=\"wp-image-6989 size-medium alignright\" src=\"https:\/\/reco-bueromoebel.de\/wp-content\/uploads\/2015\/03\/IMG_0003-400x204.jpg\" width=\"400\" height=\"204\" srcset=\"https:\/\/reco-bueromoebel.de\/wp-content\/uploads\/2015\/03\/IMG_0003-400x204.jpg 400w, https:\/\/reco-bueromoebel.de\/wp-content\/uploads\/2015\/03\/IMG_0003-1024x521.jpg 1024w, https:\/\/reco-bueromoebel.de\/wp-content\/uploads\/2015\/03\/IMG_0003-700x356.jpg 700w, https:\/\/reco-bueromoebel.de\/wp-content\/uploads\/2015\/03\/IMG_0003.jpg 1920w\" sizes=\"auto, (max-width: 400px) 100vw, 400px\">Succes door Service en Kwaliteit<\/h4>\n<p>Reco werkt uitsluitend samen met merkfabrikanten om onze klanten precies die producten te blijven bieden die aan hun behoeften voldoen. We bieden ook een optimale naverkoop.<\/p>\n<h4>Een Blik vooruit<\/h4>\n<p>Ook de toegang tot internet heeft onze huisfilosofie niet veranderd. Integendeel, de sterke lokale competentie wordt aangevuld met de snelle communicatie-opties via de data-snelweg, zodat niets de optimale ondersteuning van onze klanten in de weg&nbsp;staat.<\/p>\n<h4><img loading=\"lazy\" decoding=\"async\" class=\"wp-image-6992 size-medium alignright\" src=\"https:\/\/reco-bueromoebel.de\/wp-content\/uploads\/2015\/03\/IMG-281x400.jpg\" width=\"281\" height=\"400\" srcset=\"https:\/\/reco-bueromoebel.de\/wp-content\/uploads\/2015\/03\/IMG-281x400.jpg 281w, https:\/\/reco-bueromoebel.de\/wp-content\/uploads\/2015\/03\/IMG-400x569.jpg 400w, https:\/\/reco-bueromoebel.de\/wp-content\/uploads\/2015\/03\/IMG-719x1024.jpg 719w, https:\/\/reco-bueromoebel.de\/wp-content\/uploads\/2015\/03\/IMG-700x996.jpg 700w, https:\/\/reco-bueromoebel.de\/wp-content\/uploads\/2015\/03\/IMG.jpg 1349w\" sizes=\"auto, (max-width: 281px) 100vw, 281px\">Bedrijfsgeschiedenis van Reco B\u00fcrom\u00f6bel<\/h4>\n<p>In de jaren zestig richtte de heer Johannes Renders, vader van de huidige directeur van Reco B\u00fcrom\u00f6bel Handels GmbH, het bedrijf Mibra in Eindhoven op als handelsonderneming die zich later specialiseerde in de meubelhandel. Dit werd gevolgd door de eigen productie van meubels in zijn eigen werkplaats, die in de daaropvolgende jaren werd uitbesteed aan verschillende fabrieken. Voor de opening van nieuwe afzetmarkten besloot de huidige directeur van Reco B\u00fcrom\u00f6bel Handels GmbH zich in de jaren zeventig in Wegberg Klinkum te vestigen. 30 vierkante meter was de voormalige showroom en verkooppunt. Men merkte meteen dat Wegberg als locatie D\u00fcsseldorf, M\u00fcnchengladbach, Roermond, Viersen, Erkelenz en omgeving meteen als stroomgebied kon openen. In 1984 besloot Jan Renders het bestaande bedrijfspand uit te breiden met een nieuw gebouw in Wegberger Gewerbegebiet Gro\u00dfe Riet.[\/vc_column_text][\/vc_column][\/vc_row]<\/p>\n<\/div>","protected":false},"excerpt":{"rendered":"<p>[vc_row row_type=\u201crow\u201d use_row_as_full_screen_section=\u201cno\u201d type=\u201cfull_width\u201d text_align=\u201cleft\u201d padding_bottom=\u201c60\u201d css_animation=\u201d\u201d box_shadow_on_row=\u201cno\u201d][vc_column][vc_column_text] Traditie en Evolutie Al meer dan 40 jaar verkoopt Reco B\u00fcrom\u00f6bel kantoormeubilair met succes in Wegberg bij M\u00f6nchengladbach. In 2014 vervoegde Thomas Renders het familiebedrijf in de derde generatie. Reco ontwikkelde zich vanuit een kleine winkel in\u2026<\/p>\n","protected":false},"author":4,"featured_media":0,"parent":0,"menu_order":0,"comment_status":"closed","ping_status":"closed","template":"","meta":{"wp_typography_post_enhancements_disabled":false,"footnotes":""},"class_list":["post-8957","page","type-page","status-publish","hentry"],"yoast_head":"<!-- This site is optimized with the Yoast SEO plugin v27.4 - https:\/\/yoast.com\/product\/yoast-seo-wordpress\/ -->\n<title>Bedrijfsgeschiedenis - Reco B\u00fcrom\u00f6bel<\/title>\n<meta name=\"robots\" content=\"index, follow, max-snippet:-1, max-image-preview:large, max-video-preview:-1\" \/>\n<link rel=\"canonical\" href=\"https:\/\/reco-bueromoebel.de\/nl\/bedrijfsgeschiedenis\/\" \/>\n<meta property=\"og:locale\" content=\"nl_NL\" \/>\n<meta property=\"og:type\" content=\"article\" \/>\n<meta property=\"og:title\" content=\"Bedrijfsgeschiedenis - Reco B\u00fcrom\u00f6bel\" \/>\n<meta property=\"og:description\" content=\"[vc_row row_type=\u201crow\u201d use_row_as_full_screen_section=\u201cno\u201d type=\u201cfull_width\u201d text_align=\u201cleft\u201d padding_bottom=\u201c60\u201d css_animation=\u201d\u201d box_shadow_on_row=\u201cno\u201d][vc_column][vc_column_text] Traditie en Evolutie Al meer dan 40 jaar verkoopt Reco B\u00fcrom\u00f6bel kantoormeubilair met succes in Wegberg bij M\u00f6nchengladbach. In 2014 vervoegde Thomas Renders het familiebedrijf in de derde generatie. Reco ontwikkelde zich vanuit een kleine winkel in...\" \/>\n<meta property=\"og:url\" content=\"https:\/\/reco-bueromoebel.de\/nl\/bedrijfsgeschiedenis\/\" \/>\n<meta property=\"og:site_name\" content=\"Reco B\u00fcrom\u00f6bel\" \/>\n<meta property=\"og:image\" content=\"https:\/\/reco-bueromoebel.de\/wp-content\/uploads\/2015\/03\/IMG_0002-400x177.jpg\" \/>\n<meta name=\"twitter:card\" content=\"summary_large_image\" \/>\n<meta name=\"twitter:label1\" content=\"Geschatte leestijd\" \/>\n\t<meta name=\"twitter:data1\" content=\"2 minuten\" \/>\n<script type=\"application\/ld+json\" class=\"yoast-schema-graph\">{\"@context\":\"https:\\\/\\\/schema.org\",\"@graph\":[{\"@type\":\"WebPage\",\"@id\":\"https:\\\/\\\/reco-bueromoebel.de\\\/nl\\\/bedrijfsgeschiedenis\\\/\",\"url\":\"https:\\\/\\\/reco-bueromoebel.de\\\/nl\\\/bedrijfsgeschiedenis\\\/\",\"name\":\"Bedrijfsgeschiedenis - Reco B\u00fcrom\u00f6bel\",\"isPartOf\":{\"@id\":\"https:\\\/\\\/reco-bueromoebel.de\\\/#website\"},\"primaryImageOfPage\":{\"@id\":\"https:\\\/\\\/reco-bueromoebel.de\\\/nl\\\/bedrijfsgeschiedenis\\\/#primaryimage\"},\"image\":{\"@id\":\"https:\\\/\\\/reco-bueromoebel.de\\\/nl\\\/bedrijfsgeschiedenis\\\/#primaryimage\"},\"thumbnailUrl\":\"https:\\\/\\\/reco-bueromoebel.de\\\/wp-content\\\/uploads\\\/2015\\\/03\\\/IMG_0002-400x177.jpg\",\"datePublished\":\"2018-02-06T13:31:25+00:00\",\"breadcrumb\":{\"@id\":\"https:\\\/\\\/reco-bueromoebel.de\\\/nl\\\/bedrijfsgeschiedenis\\\/#breadcrumb\"},\"inLanguage\":\"nl-NL\",\"potentialAction\":[{\"@type\":\"ReadAction\",\"target\":[\"https:\\\/\\\/reco-bueromoebel.de\\\/nl\\\/bedrijfsgeschiedenis\\\/\"]}]},{\"@type\":\"ImageObject\",\"inLanguage\":\"nl-NL\",\"@id\":\"https:\\\/\\\/reco-bueromoebel.de\\\/nl\\\/bedrijfsgeschiedenis\\\/#primaryimage\",\"url\":\"https:\\\/\\\/reco-bueromoebel.de\\\/wp-content\\\/uploads\\\/2015\\\/03\\\/IMG_0002-400x177.jpg\",\"contentUrl\":\"https:\\\/\\\/reco-bueromoebel.de\\\/wp-content\\\/uploads\\\/2015\\\/03\\\/IMG_0002-400x177.jpg\"},{\"@type\":\"BreadcrumbList\",\"@id\":\"https:\\\/\\\/reco-bueromoebel.de\\\/nl\\\/bedrijfsgeschiedenis\\\/#breadcrumb\",\"itemListElement\":[{\"@type\":\"ListItem\",\"position\":1,\"name\":\"Home\",\"item\":\"https:\\\/\\\/reco-bueromoebel.de\\\/nl\\\/\"},{\"@type\":\"ListItem\",\"position\":2,\"name\":\"Bedrijfsgeschiedenis\"}]},{\"@type\":\"WebSite\",\"@id\":\"https:\\\/\\\/reco-bueromoebel.de\\\/#website\",\"url\":\"https:\\\/\\\/reco-bueromoebel.de\\\/\",\"name\":\"Reco B\u00fcrom\u00f6bel\",\"description\":\"\",\"potentialAction\":[{\"@type\":\"SearchAction\",\"target\":{\"@type\":\"EntryPoint\",\"urlTemplate\":\"https:\\\/\\\/reco-bueromoebel.de\\\/?s={search_term_string}\"},\"query-input\":{\"@type\":\"PropertyValueSpecification\",\"valueRequired\":true,\"valueName\":\"search_term_string\"}}],\"inLanguage\":\"nl-NL\"}]}<\/script>\n<!-- \/ Yoast SEO plugin. -->","yoast_head_json":{"title":"Bedrijfsgeschiedenis - Reco B\u00fcrom\u00f6bel","robots":{"index":"index","follow":"follow","max-snippet":"max-snippet:-1","max-image-preview":"max-image-preview:large","max-video-preview":"max-video-preview:-1"},"canonical":"https:\/\/reco-bueromoebel.de\/nl\/bedrijfsgeschiedenis\/","og_locale":"nl_NL","og_type":"article","og_title":"Bedrijfsgeschiedenis - Reco B\u00fcrom\u00f6bel","og_description":"[vc_row row_type=\u201crow\u201d use_row_as_full_screen_section=\u201cno\u201d type=\u201cfull_width\u201d text_align=\u201cleft\u201d padding_bottom=\u201c60\u201d css_animation=\u201d\u201d box_shadow_on_row=\u201cno\u201d][vc_column][vc_column_text] Traditie en Evolutie Al meer dan 40 jaar verkoopt Reco B\u00fcrom\u00f6bel kantoormeubilair met succes in Wegberg bij M\u00f6nchengladbach. In 2014 vervoegde Thomas Renders het familiebedrijf in de derde generatie. Reco ontwikkelde zich vanuit een kleine winkel in...","og_url":"https:\/\/reco-bueromoebel.de\/nl\/bedrijfsgeschiedenis\/","og_site_name":"Reco B\u00fcrom\u00f6bel","og_image":[{"url":"https:\/\/reco-bueromoebel.de\/wp-content\/uploads\/2015\/03\/IMG_0002-400x177.jpg","type":"","width":"","height":""}],"twitter_card":"summary_large_image","twitter_misc":{"Geschatte leestijd":"2 minuten"},"schema":{"@context":"https:\/\/schema.org","@graph":[{"@type":"WebPage","@id":"https:\/\/reco-bueromoebel.de\/nl\/bedrijfsgeschiedenis\/","url":"https:\/\/reco-bueromoebel.de\/nl\/bedrijfsgeschiedenis\/","name":"Bedrijfsgeschiedenis - Reco B\u00fcrom\u00f6bel","isPartOf":{"@id":"https:\/\/reco-bueromoebel.de\/#website"},"primaryImageOfPage":{"@id":"https:\/\/reco-bueromoebel.de\/nl\/bedrijfsgeschiedenis\/#primaryimage"},"image":{"@id":"https:\/\/reco-bueromoebel.de\/nl\/bedrijfsgeschiedenis\/#primaryimage"},"thumbnailUrl":"https:\/\/reco-bueromoebel.de\/wp-content\/uploads\/2015\/03\/IMG_0002-400x177.jpg","datePublished":"2018-02-06T13:31:25+00:00","breadcrumb":{"@id":"https:\/\/reco-bueromoebel.de\/nl\/bedrijfsgeschiedenis\/#breadcrumb"},"inLanguage":"nl-NL","potentialAction":[{"@type":"ReadAction","target":["https:\/\/reco-bueromoebel.de\/nl\/bedrijfsgeschiedenis\/"]}]},{"@type":"ImageObject","inLanguage":"nl-NL","@id":"https:\/\/reco-bueromoebel.de\/nl\/bedrijfsgeschiedenis\/#primaryimage","url":"https:\/\/reco-bueromoebel.de\/wp-content\/uploads\/2015\/03\/IMG_0002-400x177.jpg","contentUrl":"https:\/\/reco-bueromoebel.de\/wp-content\/uploads\/2015\/03\/IMG_0002-400x177.jpg"},{"@type":"BreadcrumbList","@id":"https:\/\/reco-bueromoebel.de\/nl\/bedrijfsgeschiedenis\/#breadcrumb","itemListElement":[{"@type":"ListItem","position":1,"name":"Home","item":"https:\/\/reco-bueromoebel.de\/nl\/"},{"@type":"ListItem","position":2,"name":"Bedrijfsgeschiedenis"}]},{"@type":"WebSite","@id":"https:\/\/reco-bueromoebel.de\/#website","url":"https:\/\/reco-bueromoebel.de\/","name":"Reco B\u00fcrom\u00f6bel","description":"","potentialAction":[{"@type":"SearchAction","target":{"@type":"EntryPoint","urlTemplate":"https:\/\/reco-bueromoebel.de\/?s={search_term_string}"},"query-input":{"@type":"PropertyValueSpecification","valueRequired":true,"valueName":"search_term_string"}}],"inLanguage":"nl-NL"}]}},"_links":{"self":[{"href":"https:\/\/reco-bueromoebel.de\/nl\/wp-json\/wp\/v2\/pages\/8957\/"}],"collection":[{"href":"https:\/\/reco-bueromoebel.de\/nl\/wp-json\/wp\/v2\/pages\/"}],"about":[{"href":"https:\/\/reco-bueromoebel.de\/nl\/wp-json\/wp\/v2\/types\/page\/"}],"author":[{"embeddable":true,"href":"https:\/\/reco-bueromoebel.de\/nl\/wp-json\/wp\/v2\/users\/4\/"}],"replies":[{"embeddable":true,"href":"https:\/\/reco-bueromoebel.de\/nl\/wp-json\/wp\/v2\/comments\/?post=8957"}],"version-history":[{"count":1,"href":"https:\/\/reco-bueromoebel.de\/nl\/wp-json\/wp\/v2\/pages\/8957\/revisions\/"}],"predecessor-version":[{"id":8958,"href":"https:\/\/reco-bueromoebel.de\/nl\/wp-json\/wp\/v2\/pages\/8957\/revisions\/8958\/"}],"wp:attachment":[{"href":"https:\/\/reco-bueromoebel.de\/nl\/wp-json\/wp\/v2\/media\/?parent=8957"}],"curies":[{"name":"wp","href":"https:\/\/api.w.org\/{rel}","templated":true}]}}