{"id":8963,"date":"2018-02-06T13:35:06","date_gmt":"2018-02-06T13:35:06","guid":{"rendered":"http:\/\/reco-bueromoebel.de\/?page_id=8963"},"modified":"2018-02-07T13:12:17","modified_gmt":"2018-02-07T13:12:17","slug":"fabrikanten","status":"publish","type":"page","link":"https:\/\/reco-bueromoebel.de\/nl\/fabrikanten\/","title":{"rendered":"Fabrikanten"},"content":{"rendered":"<div class=\"wpb-content-wrapper\"><p>[vc_row row_type=\u201crow\u201d use_row_as_full_screen_section=\u201cno\u201d type=\u201cfull_width\u201d text_align=\u201cleft\u201d padding_bottom=\u201c60\u201d css_animation=\u201d\u201d box_shadow_on_row=\u201cno\u201d][vc_column][vc_column_text]Hier vindt u een kleine selectie van fabrikanten uit ons veelvoudig portfolio.[\/vc_column_text][\/vc_column][\/vc_row][vc_row row_type=\u201crow\u201d use_row_as_full_screen_section=\u201cno\u201d type=\u201cfull_width\u201d text_align=\u201cleft\u201d padding_bottom=\u201c60\u201d css_animation=\u201d\u201d box_shadow_on_row=\u201cno\u201d el_class=\u201cherstellerlogos\u201d][vc_column width=\u201c1\/6\u201d][vc_column_text]<\/p>\n<div class=\"square img_1-2\"><a href=\"https:\/\/reco-bueromoebel.de\/nl\/fabrikanten\/fm-bueromoebel\/\"><span class=\"caps\">FM<\/span> B\u00fcrom\u00f6bel<\/a><\/div>\n<h4>fm B\u00fcrom\u00f6bel<\/h4>\n<p>[\/vc_column_text][\/vc_column][vc_column width=\u201c1\/6\u201d][vc_column_text]<\/p>\n<div class=\"square img_3-3\"><a href=\"https:\/\/reco-bueromoebel.de\/nl\/fabrikanten\/wini\/\"><span class=\"caps\">WINI<\/span> B\u00fcrom\u00f6bel<\/a><\/div>\n<h4><span class=\"caps\">WINI<\/span> B\u00fcrom\u00f6bel<\/h4>\n<p>[\/vc_column_text][\/vc_column][vc_column width=\u201c1\/6\u201d][vc_column_text]<\/p>\n<div class=\"square img_2-1\"><a href=\"https:\/\/reco-bueromoebel.de\/nl\/fabrikanten\/koehl-sitzmoebel\/\"><span class=\"caps\">K\u00d6HL<\/span><\/a><\/div>\n<h4><span class=\"caps\">K\u00d6HL<\/span> Sitzm\u00f6bel<\/h4>\n<p>[\/vc_column_text][\/vc_column][vc_column width=\u201c1\/6\u201d][vc_column_text]<\/p>\n<div class=\"square img_2-2\"><a href=\"https:\/\/reco-bueromoebel.de\/nl\/fabrikanten\/profim\/\">Profim<\/a><\/div>\n<h4>Profim<\/h4>\n<p>[\/vc_column_text][\/vc_column][vc_column width=\u201c1\/6\u201d][vc_column_text]<\/p>\n<div class=\"square img_3-1\"><a href=\"https:\/\/reco-bueromoebel.de\/nl\/fabrikanten\/smv\/\"><span class=\"caps\">SMV<\/span><\/a><\/div>\n<h4><span class=\"caps\">SMV<\/span> Sitz- <span class=\"amp\">&amp;<\/span> Objektm\u00f6bel<\/h4>\n<p>[\/vc_column_text][\/vc_column][vc_column width=\u201c1\/6\u201d][vc_column_text]<\/p>\n<div class=\"square img_1-3\"><a href=\"https:\/\/reco-bueromoebel.de\/nl\/fabrikanten\/interstuhl\/\">Interstuhl<\/a><\/div>\n<h4>Interstuhl B\u00fcrom\u00f6bel<\/h4>\n<p>[\/vc_column_text][\/vc_column][\/vc_row][vc_row row_type=\u201crow\u201d use_row_as_full_screen_section=\u201cno\u201d type=\u201cfull_width\u201d text_align=\u201cleft\u201d padding_bottom=\u201c60\u201d css_animation=\u201d\u201d box_shadow_on_row=\u201cno\u201d el_class=\u201cherstellerlogos\u201d][vc_column width=\u201c1\/6\u201d][vc_column_text]<\/p>\n<div class=\"square img_2-3\"><a href=\"https:\/\/reco-bueromoebel.de\/nl\/fabrikanten\/rovo\/\"><span class=\"caps\">ROVO<\/span><\/a><\/div>\n<h4><span class=\"caps\">ROVO<\/span> <span class=\"caps\">CHAIR<\/span><\/h4>\n<p>[\/vc_column_text][\/vc_column][vc_column width=\u201c1\/6\u201d][vc_column_text]<\/p>\n<div class=\"square img_3-2\"><a href=\"https:\/\/reco-bueromoebel.de\/nl\/fabrikanten\/teba\/\">Teba<\/a><\/div>\n<h4>Teba<\/h4>\n<p>[\/vc_column_text][\/vc_column][vc_column width=\u201c1\/6\u201d][vc_column_text]<\/p>\n<div class=\"square img_1-1\"><a href=\"https:\/\/reco-bueromoebel.de\/nl\/fabrikanten\/aeris\/\">aeris<\/a><\/div>\n<h4>aeris<\/h4>\n<p>[\/vc_column_text][\/vc_column][vc_column width=\u201c1\/6\u201d][vc_column_text]<\/p>\n<div class=\"square img_4-1\"><a href=\"https:\/\/reco-bueromoebel.de\/nl\/fabrikanten\/hartmann-tresore\/\"><span class=\"caps\">HARTMANN<\/span> <span class=\"caps\">TRESORE<\/span><\/a><\/div>\n<h4><span class=\"caps\">HARTMANN<\/span> <span class=\"caps\">TRESORE<\/span><\/h4>\n<p>[\/vc_column_text][\/vc_column][vc_column width=\u201c1\/6\u201d][vc_column_text]<\/p>\n<div class=\"square img_4-2\"><a href=\"https:\/\/reco-bueromoebel.de\/nl\/fabrikanten\/loeffler\/\"><span class=\"caps\">L\u00d6FFLER<\/span><\/a><\/div>\n<h4><span class=\"caps\">L\u00d6FFLER<\/span><\/h4>\n<p>[\/vc_column_text][\/vc_column][vc_column width=\u201c1\/6\u201d][vc_column_text]<\/p>\n<div class=\"square img_4-3\"><a href=\"https:\/\/reco-bueromoebel.de\/nl\/fabrikanten\/cp-moebelsysteme\/\">C+P M\u00f6belsysteme<\/a><\/div>\n<h4>C+P M\u00f6belsysteme<\/h4>\n<p>[\/vc_column_text][\/vc_column][\/vc_row][vc_row row_type=\u201crow\u201d use_row_as_full_screen_section=\u201cno\u201d type=\u201cfull_width\u201d text_align=\u201cleft\u201d padding_bottom=\u201c60\u201d css_animation=\u201d\u201d box_shadow_on_row=\u201cno\u201d][vc_column][\/vc_column][\/vc_row]<\/p>\n<\/div>","protected":false},"excerpt":{"rendered":"<p>[vc_row row_type=\u201crow\u201d use_row_as_full_screen_section=\u201cno\u201d type=\u201cfull_width\u201d text_align=\u201cleft\u201d padding_bottom=\u201c60\u201d css_animation=\u201d\u201d box_shadow_on_row=\u201cno\u201d][vc_column][vc_column_text]Hier vindt u een kleine selectie van fabrikanten uit ons veelvoudig portfolio.[\/vc_column_text][\/vc_column][\/vc_row][vc_row row_type=\u201crow\u201d use_row_as_full_screen_section=\u201cno\u201d type=\u201cfull_width\u201d text_align=\u201cleft\u201d padding_bottom=\u201c60\u201d css_animation=\u201d\u201d box_shadow_on_row=\u201cno\u201d el_class=\u201cherstellerlogos\u201d][vc_column width=\u201c1\/6\u201d][vc_column_text] <span class=\"caps\">FM<\/span> B\u00fcrom\u00f6bel fm B\u00fcrom\u00f6bel [\/vc_column_text][\/vc_column][vc_column width=\u201c1\/6\u201d][vc_column_text] <span class=\"caps\">WINI<\/span> B\u00fcrom\u00f6bel <span class=\"caps\">WINI<\/span> B\u00fcrom\u00f6bel [\/vc_column_text][\/vc_column][vc_column width=\u201c1\/6\u201d][vc_column_text] <span class=\"caps\">K\u00d6HL<\/span> <span class=\"caps\">K\u00d6HL<\/span> Sitzm\u00f6bel [\/vc_column_text][\/vc_column][vc_column width=\u201c1\/6\u201d][vc_column_text]\u2026<\/p>\n","protected":false},"author":4,"featured_media":0,"parent":0,"menu_order":0,"comment_status":"closed","ping_status":"closed","template":"","meta":{"wp_typography_post_enhancements_disabled":false,"footnotes":""},"class_list":["post-8963","page","type-page","status-publish","hentry"],"yoast_head":"<!-- This site is optimized with the Yoast SEO plugin v27.4 - https:\/\/yoast.com\/product\/yoast-seo-wordpress\/ -->\n<title>Fabrikanten - Reco B\u00fcrom\u00f6bel<\/title>\n<meta name=\"robots\" content=\"index, follow, max-snippet:-1, max-image-preview:large, max-video-preview:-1\" \/>\n<link rel=\"canonical\" href=\"https:\/\/reco-bueromoebel.de\/nl\/fabrikanten\/\" \/>\n<meta property=\"og:locale\" content=\"nl_NL\" \/>\n<meta property=\"og:type\" content=\"article\" \/>\n<meta property=\"og:title\" content=\"Fabrikanten - Reco B\u00fcrom\u00f6bel\" \/>\n<meta property=\"og:description\" content=\"[vc_row row_type=\u201crow\u201d use_row_as_full_screen_section=\u201cno\u201d type=\u201cfull_width\u201d text_align=\u201cleft\u201d padding_bottom=\u201c60\u201d css_animation=\u201d\u201d box_shadow_on_row=\u201cno\u201d][vc_column][vc_column_text]Hier vindt u een kleine selectie van fabrikanten uit ons veelvoudig portfolio.[\/vc_column_text][\/vc_column][\/vc_row][vc_row row_type=\u201crow\u201d use_row_as_full_screen_section=\u201cno\u201d type=\u201cfull_width\u201d text_align=\u201cleft\u201d padding_bottom=\u201c60\u201d css_animation=\u201d\u201d box_shadow_on_row=\u201cno\u201d el_class=\u201cherstellerlogos\u201d][vc_column width=\u201c1\/6\u201d][vc_column_text] FM B\u00fcrom\u00f6bel fm B\u00fcrom\u00f6bel [\/vc_column_text][\/vc_column][vc_column width=\u201c1\/6\u201d][vc_column_text] WINI B\u00fcrom\u00f6bel WINI B\u00fcrom\u00f6bel [\/vc_column_text][\/vc_column][vc_column width=\u201c1\/6\u201d][vc_column_text] K\u00d6HL K\u00d6HL Sitzm\u00f6bel [\/vc_column_text][\/vc_column][vc_column width=\u201c1\/6\u201d][vc_column_text]...\" \/>\n<meta property=\"og:url\" content=\"https:\/\/reco-bueromoebel.de\/nl\/fabrikanten\/\" \/>\n<meta property=\"og:site_name\" content=\"Reco B\u00fcrom\u00f6bel\" \/>\n<meta property=\"article:modified_time\" content=\"2018-02-07T13:12:17+00:00\" \/>\n<meta name=\"twitter:card\" content=\"summary_large_image\" \/>\n<meta name=\"twitter:label1\" content=\"Geschatte leestijd\" \/>\n\t<meta name=\"twitter:data1\" content=\"2 minuten\" \/>\n<script type=\"application\/ld+json\" class=\"yoast-schema-graph\">{\"@context\":\"https:\\\/\\\/schema.org\",\"@graph\":[{\"@type\":\"WebPage\",\"@id\":\"https:\\\/\\\/reco-bueromoebel.de\\\/nl\\\/fabrikanten\\\/\",\"url\":\"https:\\\/\\\/reco-bueromoebel.de\\\/nl\\\/fabrikanten\\\/\",\"name\":\"Fabrikanten - Reco B\u00fcrom\u00f6bel\",\"isPartOf\":{\"@id\":\"https:\\\/\\\/reco-bueromoebel.de\\\/#website\"},\"datePublished\":\"2018-02-06T13:35:06+00:00\",\"dateModified\":\"2018-02-07T13:12:17+00:00\",\"breadcrumb\":{\"@id\":\"https:\\\/\\\/reco-bueromoebel.de\\\/nl\\\/fabrikanten\\\/#breadcrumb\"},\"inLanguage\":\"nl-NL\",\"potentialAction\":[{\"@type\":\"ReadAction\",\"target\":[\"https:\\\/\\\/reco-bueromoebel.de\\\/nl\\\/fabrikanten\\\/\"]}]},{\"@type\":\"BreadcrumbList\",\"@id\":\"https:\\\/\\\/reco-bueromoebel.de\\\/nl\\\/fabrikanten\\\/#breadcrumb\",\"itemListElement\":[{\"@type\":\"ListItem\",\"position\":1,\"name\":\"Home\",\"item\":\"https:\\\/\\\/reco-bueromoebel.de\\\/nl\\\/\"},{\"@type\":\"ListItem\",\"position\":2,\"name\":\"Fabrikanten\"}]},{\"@type\":\"WebSite\",\"@id\":\"https:\\\/\\\/reco-bueromoebel.de\\\/#website\",\"url\":\"https:\\\/\\\/reco-bueromoebel.de\\\/\",\"name\":\"Reco B\u00fcrom\u00f6bel\",\"description\":\"\",\"potentialAction\":[{\"@type\":\"SearchAction\",\"target\":{\"@type\":\"EntryPoint\",\"urlTemplate\":\"https:\\\/\\\/reco-bueromoebel.de\\\/?s={search_term_string}\"},\"query-input\":{\"@type\":\"PropertyValueSpecification\",\"valueRequired\":true,\"valueName\":\"search_term_string\"}}],\"inLanguage\":\"nl-NL\"}]}<\/script>\n<!-- \/ Yoast SEO plugin. -->","yoast_head_json":{"title":"Fabrikanten - Reco B\u00fcrom\u00f6bel","robots":{"index":"index","follow":"follow","max-snippet":"max-snippet:-1","max-image-preview":"max-image-preview:large","max-video-preview":"max-video-preview:-1"},"canonical":"https:\/\/reco-bueromoebel.de\/nl\/fabrikanten\/","og_locale":"nl_NL","og_type":"article","og_title":"Fabrikanten - Reco B\u00fcrom\u00f6bel","og_description":"[vc_row row_type=\u201crow\u201d use_row_as_full_screen_section=\u201cno\u201d type=\u201cfull_width\u201d text_align=\u201cleft\u201d padding_bottom=\u201c60\u201d css_animation=\u201d\u201d box_shadow_on_row=\u201cno\u201d][vc_column][vc_column_text]Hier vindt u een kleine selectie van fabrikanten uit ons veelvoudig portfolio.[\/vc_column_text][\/vc_column][\/vc_row][vc_row row_type=\u201crow\u201d use_row_as_full_screen_section=\u201cno\u201d type=\u201cfull_width\u201d text_align=\u201cleft\u201d padding_bottom=\u201c60\u201d css_animation=\u201d\u201d box_shadow_on_row=\u201cno\u201d el_class=\u201cherstellerlogos\u201d][vc_column width=\u201c1\/6\u201d][vc_column_text] FM B\u00fcrom\u00f6bel fm B\u00fcrom\u00f6bel [\/vc_column_text][\/vc_column][vc_column width=\u201c1\/6\u201d][vc_column_text] WINI B\u00fcrom\u00f6bel WINI B\u00fcrom\u00f6bel [\/vc_column_text][\/vc_column][vc_column width=\u201c1\/6\u201d][vc_column_text] K\u00d6HL K\u00d6HL Sitzm\u00f6bel [\/vc_column_text][\/vc_column][vc_column width=\u201c1\/6\u201d][vc_column_text]...","og_url":"https:\/\/reco-bueromoebel.de\/nl\/fabrikanten\/","og_site_name":"Reco B\u00fcrom\u00f6bel","article_modified_time":"2018-02-07T13:12:17+00:00","twitter_card":"summary_large_image","twitter_misc":{"Geschatte leestijd":"2 minuten"},"schema":{"@context":"https:\/\/schema.org","@graph":[{"@type":"WebPage","@id":"https:\/\/reco-bueromoebel.de\/nl\/fabrikanten\/","url":"https:\/\/reco-bueromoebel.de\/nl\/fabrikanten\/","name":"Fabrikanten - Reco B\u00fcrom\u00f6bel","isPartOf":{"@id":"https:\/\/reco-bueromoebel.de\/#website"},"datePublished":"2018-02-06T13:35:06+00:00","dateModified":"2018-02-07T13:12:17+00:00","breadcrumb":{"@id":"https:\/\/reco-bueromoebel.de\/nl\/fabrikanten\/#breadcrumb"},"inLanguage":"nl-NL","potentialAction":[{"@type":"ReadAction","target":["https:\/\/reco-bueromoebel.de\/nl\/fabrikanten\/"]}]},{"@type":"BreadcrumbList","@id":"https:\/\/reco-bueromoebel.de\/nl\/fabrikanten\/#breadcrumb","itemListElement":[{"@type":"ListItem","position":1,"name":"Home","item":"https:\/\/reco-bueromoebel.de\/nl\/"},{"@type":"ListItem","position":2,"name":"Fabrikanten"}]},{"@type":"WebSite","@id":"https:\/\/reco-bueromoebel.de\/#website","url":"https:\/\/reco-bueromoebel.de\/","name":"Reco B\u00fcrom\u00f6bel","description":"","potentialAction":[{"@type":"SearchAction","target":{"@type":"EntryPoint","urlTemplate":"https:\/\/reco-bueromoebel.de\/?s={search_term_string}"},"query-input":{"@type":"PropertyValueSpecification","valueRequired":true,"valueName":"search_term_string"}}],"inLanguage":"nl-NL"}]}},"_links":{"self":[{"href":"https:\/\/reco-bueromoebel.de\/nl\/wp-json\/wp\/v2\/pages\/8963\/"}],"collection":[{"href":"https:\/\/reco-bueromoebel.de\/nl\/wp-json\/wp\/v2\/pages\/"}],"about":[{"href":"https:\/\/reco-bueromoebel.de\/nl\/wp-json\/wp\/v2\/types\/page\/"}],"author":[{"embeddable":true,"href":"https:\/\/reco-bueromoebel.de\/nl\/wp-json\/wp\/v2\/users\/4\/"}],"replies":[{"embeddable":true,"href":"https:\/\/reco-bueromoebel.de\/nl\/wp-json\/wp\/v2\/comments\/?post=8963"}],"version-history":[{"count":3,"href":"https:\/\/reco-bueromoebel.de\/nl\/wp-json\/wp\/v2\/pages\/8963\/revisions\/"}],"predecessor-version":[{"id":11079,"href":"https:\/\/reco-bueromoebel.de\/nl\/wp-json\/wp\/v2\/pages\/8963\/revisions\/11079\/"}],"wp:attachment":[{"href":"https:\/\/reco-bueromoebel.de\/nl\/wp-json\/wp\/v2\/media\/?parent=8963"}],"curies":[{"name":"wp","href":"https:\/\/api.w.org\/{rel}","templated":true}]}}