{"id":8965,"date":"2018-02-06T13:37:19","date_gmt":"2018-02-06T13:37:19","guid":{"rendered":"http:\/\/reco-bueromoebel.de\/?page_id=8965"},"modified":"2018-02-06T13:37:19","modified_gmt":"2018-02-06T13:37:19","slug":"fm-bueromoebel","status":"publish","type":"page","link":"https:\/\/reco-bueromoebel.de\/nl\/fabrikanten\/fm-bueromoebel\/","title":{"rendered":"fm B\u00fcrom\u00f6bel"},"content":{"rendered":"<div class=\"wpb-content-wrapper\"><p>[vc_row row_type=\u201crow\u201d use_row_as_full_screen_section=\u201cno\u201d type=\u201cfull_width\u201d text_align=\u201cleft\u201d css_animation=\u201d\u201d box_shadow_on_row=\u201cno\u201d][vc_column][vc_column_text]<img loading=\"lazy\" decoding=\"async\" class=\"wp-image-8725 alignright\" src=\"https:\/\/reco-bueromoebel.de\/wp-content\/uploads\/2016\/04\/neuesfmlogo-400x379.jpg\" alt width=\"169\" height=\"160\" srcset=\"https:\/\/reco-bueromoebel.de\/wp-content\/uploads\/2016\/04\/neuesfmlogo-400x379.jpg 400w, https:\/\/reco-bueromoebel.de\/wp-content\/uploads\/2016\/04\/neuesfmlogo-700x662.jpg 700w, https:\/\/reco-bueromoebel.de\/wp-content\/uploads\/2016\/04\/neuesfmlogo.jpg 709w\" sizes=\"auto, (max-width: 169px) 100vw, 169px\">Sinds 2014 is Reco B\u00fcrom\u00f6bel Handels GmbH vertegenwoordiger van kantoormeubelfabrikant fm B\u00fcrom\u00f6bel. Zowel hoge kwaliteitsnormen als een goede prijs-prestatieverhouding zijn kenmerken die u van kantoormeubilair van fm B\u00fcrom\u00f6bel mag verwachten. Geproduceerd in Duitsland met de modernste technologie, biedt fm B\u00fcrom\u00f6bel vijf jaar garantie op kantoormeubilair en kantoorstoelen. Het is niet voor niets dat vertrouwen in samenwerking, snelheid en eerlijke prijzen tot de stelregels van de fm ondernemingsgroep behoren. Heel belangrijk voor fm B\u00fcrom\u00f6bel is de nabijheid van de klant en zijn 100% tevredenheid.[\/vc_column_text][\/vc_column][\/vc_row][vc_row row_type=\u201crow\u201d use_row_as_full_screen_section=\u201cno\u201d type=\u201cfull_width\u201d text_align=\u201cleft\u201d padding_top=\u201c60\u201d css_animation=\u201d\u201d box_shadow_on_row=\u201cno\u201d][vc_column width=\u201c1\/2\u201d][vc_video link=\u201chttps:\/\/www.youtube.com\/watch?v=LaJtm18X-wQ\u201d][\/vc_column][vc_column width=\u201c1\/2\u201d][vc_video link=\u201chttps:\/\/www.youtube.com\/watch?v=5LEoLMnRVWk\u201d][\/vc_column][\/vc_row][vc_row row_type=\u201crow\u201d use_row_as_full_screen_section=\u201cno\u201d type=\u201cfull_width\u201d text_align=\u201cleft\u201d padding_top=\u201c60\u201d padding_bottom=\u201c60\u201d css_animation=\u201d\u201d box_shadow_on_row=\u201cno\u201d][vc_column]<\/p><div class=\"latest_post_holder  boxes three_columns\"><ul class=\"post_list\"><li class=\"clearfix\"><div class=\"box_padding_border\"><div class=\"boxes_image\"><a href=\"https:\/\/reco-bueromoebel.de\/nl\/fm-all-in-one\/\"><img loading=\"lazy\" decoding=\"async\" width=\"550\" height=\"550\" src=\"https:\/\/reco-bueromoebel.de\/wp-content\/uploads\/2016\/04\/fm33-Kombi05_A01-550x550.jpg\" class=\"attachment-portfolio-square size-portfolio-square wp-post-image\" alt srcset=\"https:\/\/reco-bueromoebel.de\/wp-content\/uploads\/2016\/04\/fm33-Kombi05_A01-550x550.jpg 550w, https:\/\/reco-bueromoebel.de\/wp-content\/uploads\/2016\/04\/fm33-Kombi05_A01-1000x1000.jpg 1000w\" sizes=\"auto, (max-width: 550px) 100vw, 550px\"><span class=\"latest_post_overlay\"><\/span><\/a><\/div><div class=\"latest_post\"><div class=\"latest_post_text\"><div class=\"latest_post_title_holder\"><h4 class=\"latest_post_title \"><a href=\"https:\/\/reco-bueromoebel.de\/nl\/fm-all-in-one\/\" style><span class=\"caps\">FM<\/span> all in&nbsp;one<\/a><\/h4><\/div><div class=\"post_info_section\"><\/div><\/div><\/div><\/div><\/li><li class=\"clearfix\"><div class=\"box_padding_border\"><div class=\"boxes_image\"><a href=\"https:\/\/reco-bueromoebel.de\/nl\/fm-calesita\/\"><img loading=\"lazy\" decoding=\"async\" width=\"550\" height=\"550\" src=\"https:\/\/reco-bueromoebel.de\/wp-content\/uploads\/2017\/02\/pirum_milieu_dunkelbraun-550x550.jpg\" class=\"attachment-portfolio-square size-portfolio-square wp-post-image\" alt srcset=\"https:\/\/reco-bueromoebel.de\/wp-content\/uploads\/2017\/02\/pirum_milieu_dunkelbraun-550x550.jpg 550w, https:\/\/reco-bueromoebel.de\/wp-content\/uploads\/2017\/02\/pirum_milieu_dunkelbraun-1000x1000.jpg 1000w\" sizes=\"auto, (max-width: 550px) 100vw, 550px\"><span class=\"latest_post_overlay\"><\/span><\/a><\/div><div class=\"latest_post\"><div class=\"latest_post_text\"><div class=\"latest_post_title_holder\"><h4 class=\"latest_post_title \"><a href=\"https:\/\/reco-bueromoebel.de\/nl\/fm-calesita\/\" style><span class=\"caps\">FM<\/span> Calesita<\/a><\/h4><\/div><div class=\"post_info_section\"><\/div><\/div><\/div><\/div><\/li><li class=\"clearfix\"><div class=\"box_padding_border\"><div class=\"boxes_image\"><a href=\"https:\/\/reco-bueromoebel.de\/nl\/fm-clear\/\"><img loading=\"lazy\" decoding=\"async\" width=\"550\" height=\"550\" src=\"https:\/\/reco-bueromoebel.de\/wp-content\/uploads\/2017\/02\/9089_fm_bau_01_01_milieu_var_3-550x550.jpg\" class=\"attachment-portfolio-square size-portfolio-square wp-post-image\" alt srcset=\"https:\/\/reco-bueromoebel.de\/wp-content\/uploads\/2017\/02\/9089_fm_bau_01_01_milieu_var_3-550x550.jpg 550w, https:\/\/reco-bueromoebel.de\/wp-content\/uploads\/2017\/02\/9089_fm_bau_01_01_milieu_var_3-1000x1000.jpg 1000w\" sizes=\"auto, (max-width: 550px) 100vw, 550px\"><span class=\"latest_post_overlay\"><\/span><\/a><\/div><div class=\"latest_post\"><div class=\"latest_post_text\"><div class=\"latest_post_title_holder\"><h4 class=\"latest_post_title \"><a href=\"https:\/\/reco-bueromoebel.de\/nl\/fm-clear\/\" style><span class=\"caps\">FM<\/span> clear<\/a><\/h4><\/div><div class=\"post_info_section\"><\/div><\/div><\/div><\/div><\/li><li class=\"clearfix\"><div class=\"box_padding_border\"><div class=\"boxes_image\"><a href=\"https:\/\/reco-bueromoebel.de\/nl\/fm-communication\/\"><img loading=\"lazy\" decoding=\"async\" width=\"550\" height=\"550\" src=\"https:\/\/reco-bueromoebel.de\/wp-content\/uploads\/2016\/04\/Design-Paneel-Kopie-550x550.jpg\" class=\"attachment-portfolio-square size-portfolio-square wp-post-image\" alt srcset=\"https:\/\/reco-bueromoebel.de\/wp-content\/uploads\/2016\/04\/Design-Paneel-Kopie-550x550.jpg 550w, https:\/\/reco-bueromoebel.de\/wp-content\/uploads\/2016\/04\/Design-Paneel-Kopie-1000x1000.jpg 1000w\" sizes=\"auto, (max-width: 550px) 100vw, 550px\"><span class=\"latest_post_overlay\"><\/span><\/a><\/div><div class=\"latest_post\"><div class=\"latest_post_text\"><div class=\"latest_post_title_holder\"><h4 class=\"latest_post_title \"><a href=\"https:\/\/reco-bueromoebel.de\/nl\/fm-communication\/\" style><span class=\"caps\">FM<\/span> communication<\/a><\/h4><\/div><div class=\"post_info_section\"><\/div><\/div><\/div><\/div><\/li><li class=\"clearfix\"><div class=\"box_padding_border\"><div class=\"boxes_image\"><a href=\"https:\/\/reco-bueromoebel.de\/nl\/fm-container\/\"><img loading=\"lazy\" decoding=\"async\" width=\"550\" height=\"550\" src=\"https:\/\/reco-bueromoebel.de\/wp-content\/uploads\/2016\/04\/Rollcontainer1-3-3-3-550x550.jpg\" class=\"attachment-portfolio-square size-portfolio-square wp-post-image\" alt srcset=\"https:\/\/reco-bueromoebel.de\/wp-content\/uploads\/2016\/04\/Rollcontainer1-3-3-3-550x550.jpg 550w, https:\/\/reco-bueromoebel.de\/wp-content\/uploads\/2016\/04\/Rollcontainer1-3-3-3-1000x1000.jpg 1000w\" sizes=\"auto, (max-width: 550px) 100vw, 550px\"><span class=\"latest_post_overlay\"><\/span><\/a><\/div><div class=\"latest_post\"><div class=\"latest_post_text\"><div class=\"latest_post_title_holder\"><h4 class=\"latest_post_title \"><a href=\"https:\/\/reco-bueromoebel.de\/nl\/fm-container\/\" style><span class=\"caps\">FM<\/span> Container<\/a><\/h4><\/div><div class=\"post_info_section\"><\/div><\/div><\/div><\/div><\/li><li class=\"clearfix\"><div class=\"box_padding_border\"><div class=\"boxes_image\"><a href=\"https:\/\/reco-bueromoebel.de\/nl\/fm-conventus\/\"><img loading=\"lazy\" decoding=\"async\" width=\"550\" height=\"550\" src=\"https:\/\/reco-bueromoebel.de\/wp-content\/uploads\/2017\/03\/conventus_wei_-1-550x550.jpg\" class=\"attachment-portfolio-square size-portfolio-square wp-post-image\" alt srcset=\"https:\/\/reco-bueromoebel.de\/wp-content\/uploads\/2017\/03\/conventus_wei_-1-550x550.jpg 550w, https:\/\/reco-bueromoebel.de\/wp-content\/uploads\/2017\/03\/conventus_wei_-1-1000x1000.jpg 1000w\" sizes=\"auto, (max-width: 550px) 100vw, 550px\"><span class=\"latest_post_overlay\"><\/span><\/a><\/div><div class=\"latest_post\"><div class=\"latest_post_text\"><div class=\"latest_post_title_holder\"><h4 class=\"latest_post_title \"><a href=\"https:\/\/reco-bueromoebel.de\/nl\/fm-conventus\/\" style><span class=\"caps\">FM<\/span> Conventus<\/a><\/h4><\/div><div class=\"post_info_section\"><\/div><\/div><\/div><\/div><\/li><li class=\"clearfix\"><div class=\"box_padding_border\"><div class=\"boxes_image\"><a href=\"https:\/\/reco-bueromoebel.de\/nl\/fm-easy-green\/\"><img loading=\"lazy\" decoding=\"async\" width=\"550\" height=\"550\" src=\"https:\/\/reco-bueromoebel.de\/wp-content\/uploads\/2016\/04\/Curcuma-gross-550x550.jpg\" class=\"attachment-portfolio-square size-portfolio-square wp-post-image\" alt srcset=\"https:\/\/reco-bueromoebel.de\/wp-content\/uploads\/2016\/04\/Curcuma-gross-550x550.jpg 550w, https:\/\/reco-bueromoebel.de\/wp-content\/uploads\/2016\/04\/Curcuma-gross-1000x1000.jpg 1000w\" sizes=\"auto, (max-width: 550px) 100vw, 550px\"><span class=\"latest_post_overlay\"><\/span><\/a><\/div><div class=\"latest_post\"><div class=\"latest_post_text\"><div class=\"latest_post_title_holder\"><h4 class=\"latest_post_title \"><a href=\"https:\/\/reco-bueromoebel.de\/nl\/fm-easy-green\/\" style><span class=\"caps\">FM<\/span> easy&nbsp;green<\/a><\/h4><\/div><div class=\"post_info_section\"><\/div><\/div><\/div><\/div><\/li><li class=\"clearfix\"><div class=\"box_padding_border\"><div class=\"boxes_image\"><a href=\"https:\/\/reco-bueromoebel.de\/nl\/fm-endless\/\"><img loading=\"lazy\" decoding=\"async\" width=\"550\" height=\"550\" src=\"https:\/\/reco-bueromoebel.de\/wp-content\/uploads\/2016\/04\/fm090_B-550x550.jpg\" class=\"attachment-portfolio-square size-portfolio-square wp-post-image\" alt srcset=\"https:\/\/reco-bueromoebel.de\/wp-content\/uploads\/2016\/04\/fm090_B-550x550.jpg 550w, https:\/\/reco-bueromoebel.de\/wp-content\/uploads\/2016\/04\/fm090_B-1000x1000.jpg 1000w\" sizes=\"auto, (max-width: 550px) 100vw, 550px\"><span class=\"latest_post_overlay\"><\/span><\/a><\/div><div class=\"latest_post\"><div class=\"latest_post_text\"><div class=\"latest_post_title_holder\"><h4 class=\"latest_post_title \"><a href=\"https:\/\/reco-bueromoebel.de\/nl\/fm-endless\/\" style><span class=\"caps\">FM<\/span> endless<\/a><\/h4><\/div><div class=\"post_info_section\"><\/div><\/div><\/div><\/div><\/li><li class=\"clearfix\"><div class=\"box_padding_border\"><div class=\"boxes_image\"><a href=\"https:\/\/reco-bueromoebel.de\/nl\/fm-move-2\/\"><img loading=\"lazy\" decoding=\"async\" width=\"550\" height=\"550\" src=\"https:\/\/reco-bueromoebel.de\/wp-content\/uploads\/2016\/04\/move_m01-550x550.jpg\" class=\"attachment-portfolio-square size-portfolio-square wp-post-image\" alt srcset=\"https:\/\/reco-bueromoebel.de\/wp-content\/uploads\/2016\/04\/move_m01-550x550.jpg 550w, https:\/\/reco-bueromoebel.de\/wp-content\/uploads\/2016\/04\/move_m01-1000x1000.jpg 1000w\" sizes=\"auto, (max-width: 550px) 100vw, 550px\"><span class=\"latest_post_overlay\"><\/span><\/a><\/div><div class=\"latest_post\"><div class=\"latest_post_text\"><div class=\"latest_post_title_holder\"><h4 class=\"latest_post_title \"><a href=\"https:\/\/reco-bueromoebel.de\/nl\/fm-move-2\/\" style><span class=\"caps\">FM<\/span> Move&nbsp;2<\/a><\/h4><\/div><div class=\"post_info_section\"><\/div><\/div><\/div><\/div><\/li><li class=\"clearfix\"><div class=\"box_padding_border\"><div class=\"boxes_image\"><a href=\"https:\/\/reco-bueromoebel.de\/nl\/fm-sometimes\/\"><img loading=\"lazy\" decoding=\"async\" width=\"550\" height=\"550\" src=\"https:\/\/reco-bueromoebel.de\/wp-content\/uploads\/2016\/04\/Arbeitssituation-550x550.jpg\" class=\"attachment-portfolio-square size-portfolio-square wp-post-image\" alt srcset=\"https:\/\/reco-bueromoebel.de\/wp-content\/uploads\/2016\/04\/Arbeitssituation-550x550.jpg 550w, https:\/\/reco-bueromoebel.de\/wp-content\/uploads\/2016\/04\/Arbeitssituation-1000x1000.jpg 1000w\" sizes=\"auto, (max-width: 550px) 100vw, 550px\"><span class=\"latest_post_overlay\"><\/span><\/a><\/div><div class=\"latest_post\"><div class=\"latest_post_text\"><div class=\"latest_post_title_holder\"><h4 class=\"latest_post_title \"><a href=\"https:\/\/reco-bueromoebel.de\/nl\/fm-sometimes\/\" style><span class=\"caps\">FM<\/span> sometimes<\/a><\/h4><\/div><div class=\"post_info_section\"><\/div><\/div><\/div><\/div><\/li><li class=\"clearfix\"><div class=\"box_padding_border\"><div class=\"boxes_image\"><a href=\"https:\/\/reco-bueromoebel.de\/nl\/fm-welcome\/\"><img loading=\"lazy\" decoding=\"async\" width=\"550\" height=\"550\" src=\"https:\/\/reco-bueromoebel.de\/wp-content\/uploads\/2016\/04\/Tresen-rot_Welle-550x550.jpg\" class=\"attachment-portfolio-square size-portfolio-square wp-post-image\" alt srcset=\"https:\/\/reco-bueromoebel.de\/wp-content\/uploads\/2016\/04\/Tresen-rot_Welle-550x550.jpg 550w, https:\/\/reco-bueromoebel.de\/wp-content\/uploads\/2016\/04\/Tresen-rot_Welle-1000x1000.jpg 1000w\" sizes=\"auto, (max-width: 550px) 100vw, 550px\"><span class=\"latest_post_overlay\"><\/span><\/a><\/div><div class=\"latest_post\"><div class=\"latest_post_text\"><div class=\"latest_post_title_holder\"><h4 class=\"latest_post_title \"><a href=\"https:\/\/reco-bueromoebel.de\/nl\/fm-welcome\/\" style><span class=\"caps\">FM<\/span> welcome<\/a><\/h4><\/div><div class=\"post_info_section\"><\/div><\/div><\/div><\/div><\/li><\/ul><\/div>[vc_column_text el_class=\u201cbildquelle\u201d]Foto\u2019s: <span class=\"caps\">FM<\/span> B\u00fcrom\u00f6bel<br>\n<a href=\"https:\/\/www.fm-bueromoebel-moenchengladbach.de\" target=\"_blank\" rel=\"noopener\">https:\/\/www.fm-bueromoebel-moenchengladbach.de<\/a>[\/vc_column_text][\/vc_column][\/vc_row]\n<\/div>","protected":false},"excerpt":{"rendered":"<p>[vc_row row_type=\u201crow\u201d use_row_as_full_screen_section=\u201cno\u201d type=\u201cfull_width\u201d text_align=\u201cleft\u201d css_animation=\u201d\u201d box_shadow_on_row=\u201cno\u201d][vc_column][vc_column_text]Sinds 2014 is Reco B\u00fcrom\u00f6bel Handels GmbH vertegenwoordiger van kantoormeubelfabrikant fm B\u00fcrom\u00f6bel. Zowel hoge kwaliteitsnormen als een goede prijs-prestatieverhouding zijn kenmerken die u van kantoormeubilair van fm B\u00fcrom\u00f6bel mag verwachten. Geproduceerd in Duitsland met de modernste technologie, biedt&nbsp;fm\u2026<\/p>\n","protected":false},"author":4,"featured_media":0,"parent":8963,"menu_order":0,"comment_status":"closed","ping_status":"closed","template":"","meta":{"wp_typography_post_enhancements_disabled":false,"footnotes":""},"class_list":["post-8965","page","type-page","status-publish","hentry"],"yoast_head":"<!-- This site is optimized with the Yoast SEO plugin v27.4 - https:\/\/yoast.com\/product\/yoast-seo-wordpress\/ -->\n<title>fm B\u00fcrom\u00f6bel - Reco B\u00fcrom\u00f6bel<\/title>\n<meta name=\"robots\" content=\"index, follow, max-snippet:-1, max-image-preview:large, max-video-preview:-1\" \/>\n<link rel=\"canonical\" href=\"https:\/\/reco-bueromoebel.de\/nl\/fabrikanten\/fm-bueromoebel\/\" \/>\n<meta property=\"og:locale\" content=\"nl_NL\" \/>\n<meta property=\"og:type\" content=\"article\" \/>\n<meta property=\"og:title\" content=\"fm B\u00fcrom\u00f6bel - Reco B\u00fcrom\u00f6bel\" \/>\n<meta property=\"og:description\" content=\"[vc_row row_type=\u201crow\u201d use_row_as_full_screen_section=\u201cno\u201d type=\u201cfull_width\u201d text_align=\u201cleft\u201d css_animation=\u201d\u201d box_shadow_on_row=\u201cno\u201d][vc_column][vc_column_text]Sinds 2014 is Reco B\u00fcrom\u00f6bel Handels GmbH vertegenwoordiger van kantoormeubelfabrikant fm B\u00fcrom\u00f6bel. Zowel hoge kwaliteitsnormen als een goede prijs-prestatieverhouding zijn kenmerken die u van kantoormeubilair van fm B\u00fcrom\u00f6bel mag verwachten. Geproduceerd in Duitsland met de modernste technologie, biedt fm...\" \/>\n<meta property=\"og:url\" content=\"https:\/\/reco-bueromoebel.de\/nl\/fabrikanten\/fm-bueromoebel\/\" \/>\n<meta property=\"og:site_name\" content=\"Reco B\u00fcrom\u00f6bel\" \/>\n<meta property=\"og:image\" content=\"https:\/\/reco-bueromoebel.de\/wp-content\/uploads\/2016\/04\/neuesfmlogo-400x379.jpg\" \/>\n<meta name=\"twitter:card\" content=\"summary_large_image\" \/>\n<meta name=\"twitter:label1\" content=\"Geschatte leestijd\" \/>\n\t<meta name=\"twitter:data1\" content=\"1 minuut\" \/>\n<script type=\"application\/ld+json\" class=\"yoast-schema-graph\">{\"@context\":\"https:\\\/\\\/schema.org\",\"@graph\":[{\"@type\":\"WebPage\",\"@id\":\"https:\\\/\\\/reco-bueromoebel.de\\\/nl\\\/fabrikanten\\\/fm-bueromoebel\\\/\",\"url\":\"https:\\\/\\\/reco-bueromoebel.de\\\/nl\\\/fabrikanten\\\/fm-bueromoebel\\\/\",\"name\":\"fm B\u00fcrom\u00f6bel - Reco B\u00fcrom\u00f6bel\",\"isPartOf\":{\"@id\":\"https:\\\/\\\/reco-bueromoebel.de\\\/#website\"},\"primaryImageOfPage\":{\"@id\":\"https:\\\/\\\/reco-bueromoebel.de\\\/nl\\\/fabrikanten\\\/fm-bueromoebel\\\/#primaryimage\"},\"image\":{\"@id\":\"https:\\\/\\\/reco-bueromoebel.de\\\/nl\\\/fabrikanten\\\/fm-bueromoebel\\\/#primaryimage\"},\"thumbnailUrl\":\"https:\\\/\\\/reco-bueromoebel.de\\\/wp-content\\\/uploads\\\/2016\\\/04\\\/neuesfmlogo-400x379.jpg\",\"datePublished\":\"2018-02-06T13:37:19+00:00\",\"breadcrumb\":{\"@id\":\"https:\\\/\\\/reco-bueromoebel.de\\\/nl\\\/fabrikanten\\\/fm-bueromoebel\\\/#breadcrumb\"},\"inLanguage\":\"nl-NL\",\"potentialAction\":[{\"@type\":\"ReadAction\",\"target\":[\"https:\\\/\\\/reco-bueromoebel.de\\\/nl\\\/fabrikanten\\\/fm-bueromoebel\\\/\"]}]},{\"@type\":\"ImageObject\",\"inLanguage\":\"nl-NL\",\"@id\":\"https:\\\/\\\/reco-bueromoebel.de\\\/nl\\\/fabrikanten\\\/fm-bueromoebel\\\/#primaryimage\",\"url\":\"https:\\\/\\\/reco-bueromoebel.de\\\/wp-content\\\/uploads\\\/2016\\\/04\\\/neuesfmlogo-400x379.jpg\",\"contentUrl\":\"https:\\\/\\\/reco-bueromoebel.de\\\/wp-content\\\/uploads\\\/2016\\\/04\\\/neuesfmlogo-400x379.jpg\"},{\"@type\":\"BreadcrumbList\",\"@id\":\"https:\\\/\\\/reco-bueromoebel.de\\\/nl\\\/fabrikanten\\\/fm-bueromoebel\\\/#breadcrumb\",\"itemListElement\":[{\"@type\":\"ListItem\",\"position\":1,\"name\":\"Home\",\"item\":\"https:\\\/\\\/reco-bueromoebel.de\\\/nl\\\/\"},{\"@type\":\"ListItem\",\"position\":2,\"name\":\"Fabrikanten\",\"item\":\"https:\\\/\\\/reco-bueromoebel.de\\\/nl\\\/fabrikanten\\\/\"},{\"@type\":\"ListItem\",\"position\":3,\"name\":\"fm B\u00fcrom\u00f6bel\"}]},{\"@type\":\"WebSite\",\"@id\":\"https:\\\/\\\/reco-bueromoebel.de\\\/#website\",\"url\":\"https:\\\/\\\/reco-bueromoebel.de\\\/\",\"name\":\"Reco B\u00fcrom\u00f6bel\",\"description\":\"\",\"potentialAction\":[{\"@type\":\"SearchAction\",\"target\":{\"@type\":\"EntryPoint\",\"urlTemplate\":\"https:\\\/\\\/reco-bueromoebel.de\\\/?s={search_term_string}\"},\"query-input\":{\"@type\":\"PropertyValueSpecification\",\"valueRequired\":true,\"valueName\":\"search_term_string\"}}],\"inLanguage\":\"nl-NL\"}]}<\/script>\n<!-- \/ Yoast SEO plugin. -->","yoast_head_json":{"title":"fm B\u00fcrom\u00f6bel - Reco B\u00fcrom\u00f6bel","robots":{"index":"index","follow":"follow","max-snippet":"max-snippet:-1","max-image-preview":"max-image-preview:large","max-video-preview":"max-video-preview:-1"},"canonical":"https:\/\/reco-bueromoebel.de\/nl\/fabrikanten\/fm-bueromoebel\/","og_locale":"nl_NL","og_type":"article","og_title":"fm B\u00fcrom\u00f6bel - Reco B\u00fcrom\u00f6bel","og_description":"[vc_row row_type=\u201crow\u201d use_row_as_full_screen_section=\u201cno\u201d type=\u201cfull_width\u201d text_align=\u201cleft\u201d css_animation=\u201d\u201d box_shadow_on_row=\u201cno\u201d][vc_column][vc_column_text]Sinds 2014 is Reco B\u00fcrom\u00f6bel Handels GmbH vertegenwoordiger van kantoormeubelfabrikant fm B\u00fcrom\u00f6bel. Zowel hoge kwaliteitsnormen als een goede prijs-prestatieverhouding zijn kenmerken die u van kantoormeubilair van fm B\u00fcrom\u00f6bel mag verwachten. Geproduceerd in Duitsland met de modernste technologie, biedt fm...","og_url":"https:\/\/reco-bueromoebel.de\/nl\/fabrikanten\/fm-bueromoebel\/","og_site_name":"Reco B\u00fcrom\u00f6bel","og_image":[{"url":"https:\/\/reco-bueromoebel.de\/wp-content\/uploads\/2016\/04\/neuesfmlogo-400x379.jpg","type":"","width":"","height":""}],"twitter_card":"summary_large_image","twitter_misc":{"Geschatte leestijd":"1 minuut"},"schema":{"@context":"https:\/\/schema.org","@graph":[{"@type":"WebPage","@id":"https:\/\/reco-bueromoebel.de\/nl\/fabrikanten\/fm-bueromoebel\/","url":"https:\/\/reco-bueromoebel.de\/nl\/fabrikanten\/fm-bueromoebel\/","name":"fm B\u00fcrom\u00f6bel - Reco B\u00fcrom\u00f6bel","isPartOf":{"@id":"https:\/\/reco-bueromoebel.de\/#website"},"primaryImageOfPage":{"@id":"https:\/\/reco-bueromoebel.de\/nl\/fabrikanten\/fm-bueromoebel\/#primaryimage"},"image":{"@id":"https:\/\/reco-bueromoebel.de\/nl\/fabrikanten\/fm-bueromoebel\/#primaryimage"},"thumbnailUrl":"https:\/\/reco-bueromoebel.de\/wp-content\/uploads\/2016\/04\/neuesfmlogo-400x379.jpg","datePublished":"2018-02-06T13:37:19+00:00","breadcrumb":{"@id":"https:\/\/reco-bueromoebel.de\/nl\/fabrikanten\/fm-bueromoebel\/#breadcrumb"},"inLanguage":"nl-NL","potentialAction":[{"@type":"ReadAction","target":["https:\/\/reco-bueromoebel.de\/nl\/fabrikanten\/fm-bueromoebel\/"]}]},{"@type":"ImageObject","inLanguage":"nl-NL","@id":"https:\/\/reco-bueromoebel.de\/nl\/fabrikanten\/fm-bueromoebel\/#primaryimage","url":"https:\/\/reco-bueromoebel.de\/wp-content\/uploads\/2016\/04\/neuesfmlogo-400x379.jpg","contentUrl":"https:\/\/reco-bueromoebel.de\/wp-content\/uploads\/2016\/04\/neuesfmlogo-400x379.jpg"},{"@type":"BreadcrumbList","@id":"https:\/\/reco-bueromoebel.de\/nl\/fabrikanten\/fm-bueromoebel\/#breadcrumb","itemListElement":[{"@type":"ListItem","position":1,"name":"Home","item":"https:\/\/reco-bueromoebel.de\/nl\/"},{"@type":"ListItem","position":2,"name":"Fabrikanten","item":"https:\/\/reco-bueromoebel.de\/nl\/fabrikanten\/"},{"@type":"ListItem","position":3,"name":"fm B\u00fcrom\u00f6bel"}]},{"@type":"WebSite","@id":"https:\/\/reco-bueromoebel.de\/#website","url":"https:\/\/reco-bueromoebel.de\/","name":"Reco B\u00fcrom\u00f6bel","description":"","potentialAction":[{"@type":"SearchAction","target":{"@type":"EntryPoint","urlTemplate":"https:\/\/reco-bueromoebel.de\/?s={search_term_string}"},"query-input":{"@type":"PropertyValueSpecification","valueRequired":true,"valueName":"search_term_string"}}],"inLanguage":"nl-NL"}]}},"_links":{"self":[{"href":"https:\/\/reco-bueromoebel.de\/nl\/wp-json\/wp\/v2\/pages\/8965\/"}],"collection":[{"href":"https:\/\/reco-bueromoebel.de\/nl\/wp-json\/wp\/v2\/pages\/"}],"about":[{"href":"https:\/\/reco-bueromoebel.de\/nl\/wp-json\/wp\/v2\/types\/page\/"}],"author":[{"embeddable":true,"href":"https:\/\/reco-bueromoebel.de\/nl\/wp-json\/wp\/v2\/users\/4\/"}],"replies":[{"embeddable":true,"href":"https:\/\/reco-bueromoebel.de\/nl\/wp-json\/wp\/v2\/comments\/?post=8965"}],"version-history":[{"count":1,"href":"https:\/\/reco-bueromoebel.de\/nl\/wp-json\/wp\/v2\/pages\/8965\/revisions\/"}],"predecessor-version":[{"id":8966,"href":"https:\/\/reco-bueromoebel.de\/nl\/wp-json\/wp\/v2\/pages\/8965\/revisions\/8966\/"}],"up":[{"embeddable":true,"href":"https:\/\/reco-bueromoebel.de\/nl\/wp-json\/wp\/v2\/pages\/8963\/"}],"wp:attachment":[{"href":"https:\/\/reco-bueromoebel.de\/nl\/wp-json\/wp\/v2\/media\/?parent=8965"}],"curies":[{"name":"wp","href":"https:\/\/api.w.org\/{rel}","templated":true}]}}